{"id":877,"date":"2021-05-15T16:57:07","date_gmt":"2021-05-15T14:57:07","guid":{"rendered":"https:\/\/wp-mairie.web-alain.com\/?page_id=877"},"modified":"2025-08-02T22:39:27","modified_gmt":"2025-08-02T20:39:27","slug":"un-peu-dhistoire","status":"publish","type":"page","link":"https:\/\/eglisolles.fr\/index.php\/un-peu-dhistoire\/","title":{"rendered":"Un peu d&rsquo;histoire"},"content":{"rendered":"\n<p class=\"has-text-color\" style=\"color:#f01307;font-size:25px\">Sur le nom d&rsquo;Eglisolles:<\/p>\n\n\n\n<p>Eglisolles, est le nom d&rsquo;un lieu dont l&rsquo;\u00e9tymologie latine signifie \u00ab\u00a0Ecclesiola\u00a0\u00bb, soit petite \u00e9glise en patois local \u00a0\u00bb Icholas \u00ab\u00a0, \u00a0\u00bb Ilhol\u00e0 \u00a0\u00bb avec la particularit\u00e9 d&rsquo;\u00eatre toujours \u00e9crite au pluriel.<\/p>\n\n\n\n<p>On peut donc penser qu&rsquo;il a pu exister en ce lieu plusieurs petites chapelles ou \u00e9glises primitives.<\/p>\n\n\n\n<p class=\"has-text-color\" style=\"color:#f5150a;font-size:25px\">Eglisolles \u00e0 travers les \u00e9poques:<\/p>\n\n\n\n<p>Pour en savoir plus sur l&rsquo;occupation gallo-romaine, au moyen age, \u00e0 la Renaissance, \u00e0 la r\u00e9volution etc&#8230;<br> cliquer &#8211;&gt; <a href=\"https:\/\/eglisolles.fr\/wp-content\/uploads\/2021\/12\/Eglisolles_a_travers_les_epoques.pdf\" target=\"_blank\" rel=\"noreferrer noopener\"> ICI<\/a><\/p>\n\n\n\n<p class=\"has-text-color\" style=\"color:#f41905;font-size:25px\">Personnages illustres et l\u00e9gendes:<\/p>\n\n\n<div class=\"wp-block-image\">\n<figure class=\"alignleft size-full is-resized\"><img loading=\"lazy\" decoding=\"async\" width=\"137\" height=\"200\" src=\"https:\/\/eglisolles.fr\/wp-content\/uploads\/2022\/04\/Didier_daurat.jpg\" alt=\"\" class=\"wp-image-2240\" style=\"width:158px;height:230px\"\/><\/figure>\n<\/div>\n\n\n<p><strong>Didier Daurat<\/strong>, n\u00e9 le 2 janvier 1891 \u00e0 Montreuil-sous-Bois (93) et mort le 2 d\u00e9cembre 1969 (\u00e0 78&nbsp;ans) \u00e0 Toulouse. C&rsquo;est un pionnier de l&rsquo;aviation fran\u00e7aise, figure marquante de la grande aventure de l&rsquo;A\u00e9ropostale.<br>Il a \u00e9t\u00e9 un des cr\u00e9ateurs de l&rsquo;aviation commerciale fran\u00e7aise.<br> Il inaugurera notamment pour le compte de la Soci\u00e9t\u00e9 des lignes a\u00e9riennes Lat\u00e9co\u00e8re la ligne postale r\u00e9guli\u00e8re Toulouse \u2013 Rabat, le 1<sup>er<\/sup> septembre 1919.<\/p>\n\n\n\n<p>Le p\u00e8re de Didier, Jean Daurat, 1845-1941, \u00e9tait n\u00e9 au Verdier, un village d&rsquo;Eglisolles<\/p>\n\n\n\n<hr class=\"wp-block-separator has-css-opacity\"\/>\n\n\n<div class=\"wp-block-image\">\n<figure class=\"alignleft size-large is-resized\"><img loading=\"lazy\" decoding=\"async\" width=\"400\" height=\"300\" src=\"https:\/\/eglisolles.fr\/wp-content\/uploads\/2021\/07\/louis-XVII.jpg\" alt=\"\" class=\"wp-image-1540\" style=\"width:190px;height:143px\" srcset=\"https:\/\/eglisolles.fr\/wp-content\/uploads\/2021\/07\/louis-XVII.jpg 400w, https:\/\/eglisolles.fr\/wp-content\/uploads\/2021\/07\/louis-XVII-300x225.jpg 300w\" sizes=\"auto, (max-width: 400px) 100vw, 400px\" \/><\/figure>\n<\/div>\n\n\n<hr class=\"wp-block-separator has-css-opacity\"\/>\n\n\n\n<p id=\"LouisXVI\"><em><strong>Qui \u00e9tait ce gar\u00e7on, apparu du jour au lendemain, au sein d&rsquo;une famille d&rsquo;agriculteurs ? Peut-\u00eatre le fils d&rsquo;un Roi ?&#8230;<\/strong><\/em><br>Nous sommes le 8 juin 1795. Six ans apr\u00e8s le d\u00e9but de la R\u00e9volution, la France apprend la mort de Louis XVII. Deux ans et demi apr\u00e8s la d\u00e9capitation&nbsp; de son p\u00e8re, Louis XVI, suivie de celle de sa m\u00e8re, Marie Antoinette, l&rsquo;enfant aurait succomb\u00e9 \u00e0 la tuberculose, \u00e0 l&rsquo;\u00e2ge de 10 ans, dans la prison du Temple \u00e0 Paris. Il y \u00e9tait enferm\u00e9 depuis le renversement de la Monarchie, presque sans aucun soin.<br>Rapidement pourtant, une rumeur court : sa mort serai un leurre, l&rsquo;enfant serait encore en vie. Les forces de l&rsquo;ordre ont d&rsquo;ailleurs lanc\u00e9 un avis de recherche pour trouver un sosie suppos\u00e9 du fils Capet et, peut-\u00eatre couper court aux pr\u00e9somptions.<\/p>\n\n\n\n<p><strong>\u00c9TONNANTES RENTR\u00c9ES D&rsquo;ARGENT<\/strong><br>C&rsquo;est dans ce contexte que la population d&rsquo;\u00c9glisolles, petit village dans le Forez, d\u00e9couvre un nouvel habitant au sein des Chomette. Cette famille d&rsquo;agriculteurs modestes travaille dans une ferme au hameau isol\u00e9 des Granges. Les&nbsp;parents \u00e9l\u00e8vent huit enfants, puis neuf. Selon les r\u00e9cits colport\u00e9s depuis cette \u00e9poque, un jour, on aurait aper\u00e7u un gar\u00e7on chez les Chomette que l&rsquo;on n&rsquo;avait jamais vu avant. Un petit blond qui ressemblait beaucoup \u00e0 Louis XVII et qui s&rsquo;appelait Blaise comme son fr\u00e8re ain\u00e9. Curieux. Et les Chomette n&rsquo;\u00e9taient pas des bavards&#8230;<br>Les ann\u00e9es suivantes, le myst\u00e8re s&rsquo;\u00e9paissit : la famille aurait connu d&rsquo;\u00e9tonnantes rentr\u00e9es d&rsquo;argent puisqu&rsquo;elle avait pu acheter un domaine de 40 hectares, \u00ab\u00a0La Gaillarderie\u00a0\u00bb. Un enfant et de l&rsquo;argent sortis de nulle part&#8230; Et si le petit Blaise \u00e9tait Louis XVII ?&#8230; Et si les Chomette avaient \u00e9t\u00e9 pay\u00e9s pour le cacher ?&#8230;<\/p>\n\n\n\n<p><strong>L&rsquo;HYPOTH\u00c8SE D&rsquo;UN SOSIE<\/strong><br>Les adeptes de cette th\u00e9orie imaginent que l&rsquo;enfant Capet aurait \u00e9t\u00e9 exfiltr\u00e9 de la prison \u00e0 l&rsquo;\u00e9poque. La femme Simon, qui \u00e9tait alors sa ge\u00f4li\u00e8re, a d&rsquo;ailleurs affirm\u00e9 jusqu&rsquo;\u00e0 sa mort que le fils du roi \u00e9tait sorti du Temple dans un paquet de linge sale tandis qu&rsquo;un autre gar\u00e7on tuberculeux entrait dans un cheval en carton. Un sosie?&#8230;<br>Un homme cl\u00e9 aurait \u00e9t\u00e9 l&rsquo;artisan de cette fuite : Genes Ojardias, un voiturier (l&rsquo;\u00e9quivalent d&rsquo;un patron de soci\u00e9t\u00e9 de transports, aujourd&rsquo;hui) qui connaissait le couple Simon et qui \u00e9tait originaire de Thiers, pr\u00e8s d&rsquo;\u00c9glisolles. \u00c9trange personnage dont on retrouv\u00e9 le corps lard\u00e9 de coups de couteau dans un lac pr\u00e8s de Thiers en&nbsp; 1801. Comme s&rsquo;il avait su quelque chose&#8230;<br>Mais plusieurs \u00e9l\u00e9ments contrarient cette th\u00e9orie. D&rsquo;abord les registres d&rsquo;\u00e9tat civil indiquent que ce Blaise est n\u00e9 en fait le 4 Flor\u00e9al de l&rsquo;An V (en 1797). Soit deux ans apr\u00e8s la mort de Louis XVII. Pas suffisant pour d\u00e9courager les partisans de la piste&nbsp; d&rsquo;\u00c9glisolles : avec le R\u00e9volution , la tenue des registres d&rsquo;\u00e9tat civil \u00e9tait balbutiante et les paysans ne d\u00e9claraient pas toujours leurs enfants, du moins \u00e0 la naissance.. Surtout, une analyse ADN a conclu en 2000, que Louis XVII \u00e9tait bien mort au Temple en 1795. Mais la th\u00e8se du complot est tenace. Et si l&rsquo;enfant d&rsquo;\u00c9glisolles avait \u00e9t\u00e9 un sosie destin\u00e9 \u00e0 duper quelques r\u00e9volutionnaires ? La seule certitude, c&rsquo;est que Blaise Chomette est rest\u00e9 dans la r\u00e9gion, qu&rsquo;il a eu dix enfants et qu&rsquo;il est mort \u00e0 88 ans.<\/p>\n\n\n\n<p><strong><em>La l\u00e9gende lui a surv\u00e9cu !&#8230;<\/em><\/strong><\/p>\n","protected":false},"excerpt":{"rendered":"<p>Sur le nom d&rsquo;Eglisolles: Eglisolles, est le nom d&rsquo;un lieu dont l&rsquo;\u00e9tymologie latine signifie \u00ab\u00a0Ecclesiola\u00a0\u00bb, soit petite \u00e9glise en patois local \u00a0\u00bb Icholas \u00ab\u00a0, \u00a0\u00bb Ilhol\u00e0 \u00a0\u00bb avec la particularit\u00e9 d&rsquo;\u00eatre toujours \u00e9crite au pluriel. On peut donc penser qu&rsquo;il a pu exister en ce lieu plusieurs petites chapelles ou [&hellip;]<\/p>\n","protected":false},"author":1,"featured_media":0,"parent":0,"menu_order":0,"comment_status":"closed","ping_status":"closed","template":"","meta":{"footnotes":""},"class_list":["post-877","page","type-page","status-publish","hentry"],"yoast_head":"<!-- This site is optimized with the Yoast SEO plugin v27.2 - https:\/\/yoast.com\/product\/yoast-seo-wordpress\/ -->\n<title>Un peu d&#039;histoire - Eglisolles<\/title>\n<meta name=\"robots\" content=\"index, follow, max-snippet:-1, max-image-preview:large, max-video-preview:-1\" \/>\n<link rel=\"canonical\" href=\"https:\/\/eglisolles.fr\/index.php\/un-peu-dhistoire\/\" \/>\n<meta property=\"og:locale\" content=\"fr_FR\" \/>\n<meta property=\"og:type\" content=\"article\" \/>\n<meta property=\"og:title\" content=\"Un peu d&#039;histoire - Eglisolles\" \/>\n<meta property=\"og:description\" content=\"Sur le nom d&rsquo;Eglisolles: Eglisolles, est le nom d&rsquo;un lieu dont l&rsquo;\u00e9tymologie latine signifie \u00ab\u00a0Ecclesiola\u00a0\u00bb, soit petite \u00e9glise en patois local \u00a0\u00bb Icholas \u00ab\u00a0, \u00a0\u00bb Ilhol\u00e0 \u00a0\u00bb avec la particularit\u00e9 d&rsquo;\u00eatre toujours \u00e9crite au pluriel. On peut donc penser qu&rsquo;il a pu exister en ce lieu plusieurs petites chapelles ou [&hellip;]\" \/>\n<meta property=\"og:url\" content=\"https:\/\/eglisolles.fr\/index.php\/un-peu-dhistoire\/\" \/>\n<meta property=\"og:site_name\" content=\"Eglisolles\" \/>\n<meta property=\"article:publisher\" content=\"https:\/\/www.facebook.com\/municipalite.deglisolles.1\" \/>\n<meta property=\"article:modified_time\" content=\"2025-08-02T20:39:27+00:00\" \/>\n<meta property=\"og:image\" content=\"https:\/\/eglisolles.fr\/wp-content\/uploads\/2022\/04\/Didier_daurat.jpg\" \/>\n\t<meta property=\"og:image:width\" content=\"137\" \/>\n\t<meta property=\"og:image:height\" content=\"200\" \/>\n\t<meta property=\"og:image:type\" content=\"image\/jpeg\" \/>\n<meta name=\"twitter:card\" content=\"summary_large_image\" \/>\n<meta name=\"twitter:label1\" content=\"Dur\u00e9e de lecture estim\u00e9e\" \/>\n\t<meta name=\"twitter:data1\" content=\"4 minutes\" \/>\n<script type=\"application\/ld+json\" class=\"yoast-schema-graph\">{\"@context\":\"https:\/\/schema.org\",\"@graph\":[{\"@type\":\"WebPage\",\"@id\":\"https:\/\/eglisolles.fr\/index.php\/un-peu-dhistoire\/\",\"url\":\"https:\/\/eglisolles.fr\/index.php\/un-peu-dhistoire\/\",\"name\":\"Un peu d'histoire - Eglisolles\",\"isPartOf\":{\"@id\":\"https:\/\/eglisolles.fr\/#website\"},\"primaryImageOfPage\":{\"@id\":\"https:\/\/eglisolles.fr\/index.php\/un-peu-dhistoire\/#primaryimage\"},\"image\":{\"@id\":\"https:\/\/eglisolles.fr\/index.php\/un-peu-dhistoire\/#primaryimage\"},\"thumbnailUrl\":\"https:\/\/eglisolles.fr\/wp-content\/uploads\/2022\/04\/Didier_daurat.jpg\",\"datePublished\":\"2021-05-15T14:57:07+00:00\",\"dateModified\":\"2025-08-02T20:39:27+00:00\",\"breadcrumb\":{\"@id\":\"https:\/\/eglisolles.fr\/index.php\/un-peu-dhistoire\/#breadcrumb\"},\"inLanguage\":\"fr-FR\",\"potentialAction\":[{\"@type\":\"ReadAction\",\"target\":[\"https:\/\/eglisolles.fr\/index.php\/un-peu-dhistoire\/\"]}]},{\"@type\":\"ImageObject\",\"inLanguage\":\"fr-FR\",\"@id\":\"https:\/\/eglisolles.fr\/index.php\/un-peu-dhistoire\/#primaryimage\",\"url\":\"https:\/\/eglisolles.fr\/wp-content\/uploads\/2022\/04\/Didier_daurat.jpg\",\"contentUrl\":\"https:\/\/eglisolles.fr\/wp-content\/uploads\/2022\/04\/Didier_daurat.jpg\",\"width\":137,\"height\":200},{\"@type\":\"BreadcrumbList\",\"@id\":\"https:\/\/eglisolles.fr\/index.php\/un-peu-dhistoire\/#breadcrumb\",\"itemListElement\":[{\"@type\":\"ListItem\",\"position\":1,\"name\":\"Accueil\",\"item\":\"https:\/\/eglisolles.fr\/\"},{\"@type\":\"ListItem\",\"position\":2,\"name\":\"Un peu d&rsquo;histoire\"}]},{\"@type\":\"WebSite\",\"@id\":\"https:\/\/eglisolles.fr\/#website\",\"url\":\"https:\/\/eglisolles.fr\/\",\"name\":\"Eglisolles\",\"description\":\"Site de la Commune\",\"publisher\":{\"@id\":\"https:\/\/eglisolles.fr\/#organization\"},\"potentialAction\":[{\"@type\":\"SearchAction\",\"target\":{\"@type\":\"EntryPoint\",\"urlTemplate\":\"https:\/\/eglisolles.fr\/?s={search_term_string}\"},\"query-input\":{\"@type\":\"PropertyValueSpecification\",\"valueRequired\":true,\"valueName\":\"search_term_string\"}}],\"inLanguage\":\"fr-FR\"},{\"@type\":\"Organization\",\"@id\":\"https:\/\/eglisolles.fr\/#organization\",\"name\":\"Eglisolles\",\"url\":\"https:\/\/eglisolles.fr\/\",\"logo\":{\"@type\":\"ImageObject\",\"inLanguage\":\"fr-FR\",\"@id\":\"https:\/\/eglisolles.fr\/#\/schema\/logo\/image\/\",\"url\":\"https:\/\/eglisolles.fr\/wp-content\/uploads\/2021\/07\/cropped-logo_eglisolles_mairie_transp_5.png\",\"contentUrl\":\"https:\/\/eglisolles.fr\/wp-content\/uploads\/2021\/07\/cropped-logo_eglisolles_mairie_transp_5.png\",\"width\":428,\"height\":100,\"caption\":\"Eglisolles\"},\"image\":{\"@id\":\"https:\/\/eglisolles.fr\/#\/schema\/logo\/image\/\"},\"sameAs\":[\"https:\/\/www.facebook.com\/municipalite.deglisolles.1\"]}]}<\/script>\n<!-- \/ Yoast SEO plugin. -->","yoast_head_json":{"title":"Un peu d'histoire - Eglisolles","robots":{"index":"index","follow":"follow","max-snippet":"max-snippet:-1","max-image-preview":"max-image-preview:large","max-video-preview":"max-video-preview:-1"},"canonical":"https:\/\/eglisolles.fr\/index.php\/un-peu-dhistoire\/","og_locale":"fr_FR","og_type":"article","og_title":"Un peu d'histoire - Eglisolles","og_description":"Sur le nom d&rsquo;Eglisolles: Eglisolles, est le nom d&rsquo;un lieu dont l&rsquo;\u00e9tymologie latine signifie \u00ab\u00a0Ecclesiola\u00a0\u00bb, soit petite \u00e9glise en patois local \u00a0\u00bb Icholas \u00ab\u00a0, \u00a0\u00bb Ilhol\u00e0 \u00a0\u00bb avec la particularit\u00e9 d&rsquo;\u00eatre toujours \u00e9crite au pluriel. On peut donc penser qu&rsquo;il a pu exister en ce lieu plusieurs petites chapelles ou [&hellip;]","og_url":"https:\/\/eglisolles.fr\/index.php\/un-peu-dhistoire\/","og_site_name":"Eglisolles","article_publisher":"https:\/\/www.facebook.com\/municipalite.deglisolles.1","article_modified_time":"2025-08-02T20:39:27+00:00","og_image":[{"width":137,"height":200,"url":"https:\/\/eglisolles.fr\/wp-content\/uploads\/2022\/04\/Didier_daurat.jpg","type":"image\/jpeg"}],"twitter_card":"summary_large_image","twitter_misc":{"Dur\u00e9e de lecture estim\u00e9e":"4 minutes"},"schema":{"@context":"https:\/\/schema.org","@graph":[{"@type":"WebPage","@id":"https:\/\/eglisolles.fr\/index.php\/un-peu-dhistoire\/","url":"https:\/\/eglisolles.fr\/index.php\/un-peu-dhistoire\/","name":"Un peu d'histoire - Eglisolles","isPartOf":{"@id":"https:\/\/eglisolles.fr\/#website"},"primaryImageOfPage":{"@id":"https:\/\/eglisolles.fr\/index.php\/un-peu-dhistoire\/#primaryimage"},"image":{"@id":"https:\/\/eglisolles.fr\/index.php\/un-peu-dhistoire\/#primaryimage"},"thumbnailUrl":"https:\/\/eglisolles.fr\/wp-content\/uploads\/2022\/04\/Didier_daurat.jpg","datePublished":"2021-05-15T14:57:07+00:00","dateModified":"2025-08-02T20:39:27+00:00","breadcrumb":{"@id":"https:\/\/eglisolles.fr\/index.php\/un-peu-dhistoire\/#breadcrumb"},"inLanguage":"fr-FR","potentialAction":[{"@type":"ReadAction","target":["https:\/\/eglisolles.fr\/index.php\/un-peu-dhistoire\/"]}]},{"@type":"ImageObject","inLanguage":"fr-FR","@id":"https:\/\/eglisolles.fr\/index.php\/un-peu-dhistoire\/#primaryimage","url":"https:\/\/eglisolles.fr\/wp-content\/uploads\/2022\/04\/Didier_daurat.jpg","contentUrl":"https:\/\/eglisolles.fr\/wp-content\/uploads\/2022\/04\/Didier_daurat.jpg","width":137,"height":200},{"@type":"BreadcrumbList","@id":"https:\/\/eglisolles.fr\/index.php\/un-peu-dhistoire\/#breadcrumb","itemListElement":[{"@type":"ListItem","position":1,"name":"Accueil","item":"https:\/\/eglisolles.fr\/"},{"@type":"ListItem","position":2,"name":"Un peu d&rsquo;histoire"}]},{"@type":"WebSite","@id":"https:\/\/eglisolles.fr\/#website","url":"https:\/\/eglisolles.fr\/","name":"Eglisolles","description":"Site de la Commune","publisher":{"@id":"https:\/\/eglisolles.fr\/#organization"},"potentialAction":[{"@type":"SearchAction","target":{"@type":"EntryPoint","urlTemplate":"https:\/\/eglisolles.fr\/?s={search_term_string}"},"query-input":{"@type":"PropertyValueSpecification","valueRequired":true,"valueName":"search_term_string"}}],"inLanguage":"fr-FR"},{"@type":"Organization","@id":"https:\/\/eglisolles.fr\/#organization","name":"Eglisolles","url":"https:\/\/eglisolles.fr\/","logo":{"@type":"ImageObject","inLanguage":"fr-FR","@id":"https:\/\/eglisolles.fr\/#\/schema\/logo\/image\/","url":"https:\/\/eglisolles.fr\/wp-content\/uploads\/2021\/07\/cropped-logo_eglisolles_mairie_transp_5.png","contentUrl":"https:\/\/eglisolles.fr\/wp-content\/uploads\/2021\/07\/cropped-logo_eglisolles_mairie_transp_5.png","width":428,"height":100,"caption":"Eglisolles"},"image":{"@id":"https:\/\/eglisolles.fr\/#\/schema\/logo\/image\/"},"sameAs":["https:\/\/www.facebook.com\/municipalite.deglisolles.1"]}]}},"_links":{"self":[{"href":"https:\/\/eglisolles.fr\/index.php\/wp-json\/wp\/v2\/pages\/877","targetHints":{"allow":["GET"]}}],"collection":[{"href":"https:\/\/eglisolles.fr\/index.php\/wp-json\/wp\/v2\/pages"}],"about":[{"href":"https:\/\/eglisolles.fr\/index.php\/wp-json\/wp\/v2\/types\/page"}],"author":[{"embeddable":true,"href":"https:\/\/eglisolles.fr\/index.php\/wp-json\/wp\/v2\/users\/1"}],"replies":[{"embeddable":true,"href":"https:\/\/eglisolles.fr\/index.php\/wp-json\/wp\/v2\/comments?post=877"}],"version-history":[{"count":9,"href":"https:\/\/eglisolles.fr\/index.php\/wp-json\/wp\/v2\/pages\/877\/revisions"}],"predecessor-version":[{"id":3552,"href":"https:\/\/eglisolles.fr\/index.php\/wp-json\/wp\/v2\/pages\/877\/revisions\/3552"}],"wp:attachment":[{"href":"https:\/\/eglisolles.fr\/index.php\/wp-json\/wp\/v2\/media?parent=877"}],"curies":[{"name":"wp","href":"https:\/\/api.w.org\/{rel}","templated":true}]}}