{"id":3839,"date":"2026-04-15T16:34:38","date_gmt":"2026-04-15T14:34:38","guid":{"rendered":"https:\/\/eglisolles.fr\/?page_id=3839"},"modified":"2026-04-15T16:42:21","modified_gmt":"2026-04-15T14:42:21","slug":"inscriptions-mercredis-periode-du-20-avril-au-2-juillet","status":"publish","type":"page","link":"https:\/\/eglisolles.fr\/index.php\/inscriptions-mercredis-periode-du-20-avril-au-2-juillet\/","title":{"rendered":"Inscriptions mercredis p\u00e9riode du 20 Avril au 2 juillet"},"content":{"rendered":"\n<p>L\u2019inscription des mercredis est ouverte pour la p\u00e9riode 20 avril jusqu\u2019au 2 juillet 2026.<\/p>\n\n\n\n<p><strong>Pour le bon d\u00e9roulement de nos activit\u00e9s, merci d\u2019avance d\u2019anticiper l\u2019inscription de vos enfants (au moins 3 jours avant) plut\u00f4t que de la faire \u00e0 la derni\u00e8re minute : cela nous permet d\u2019organiser au mieux les groupes, les sorties et la gestion des repas.<\/strong><\/p>\n\n\n\n<p><strong>Les mercredis d\u2019avril \u00e0 juillet seront plac\u00e9s sous le signe de la d\u00e9couverte, de la cr\u00e9ativit\u00e9 et du plaisir de partager ensemble.<\/strong> (voir programme en <a href=\"https:\/\/eglisolles.fr\/wp-content\/uploads\/2026\/04\/mercredis_avril_a_juin_2026.pdf\" target=\"_blank\" rel=\"noreferrer noopener\">cliquant ICI<\/a>)<br>\u00c0 travers un programme vari\u00e9 m\u00ealant jeux, activit\u00e9s manuelles, ateliers, sorties et temps festifs autour des grands moments de la p\u00e9riode, les enfants vivront de belles journ\u00e9es dans un cadre bienveillant et rassurant.<\/p>\n\n\n\n<p><strong>Toute l\u2019\u00e9quipe aura grand plaisir \u00e0 accueillir vos enfants et \u00e0 leur faire vivre, semaine apr\u00e8s semaine, de jolis mercredis riches en sourires, en \u00e9changes et en souvenirs.<\/strong><\/p>\n\n\n\n<p>Passez de belle fin de vacances.<\/p>\n\n\n\n<p>L\u2019Equipe de la maison de l\u2019Enfance<\/p>\n\n\n\n<figure class=\"wp-block-image size-full\"><img loading=\"lazy\" decoding=\"async\" width=\"647\" height=\"235\" src=\"https:\/\/eglisolles.fr\/wp-content\/uploads\/2026\/04\/image.png\" alt=\"\" class=\"wp-image-3840\" srcset=\"https:\/\/eglisolles.fr\/wp-content\/uploads\/2026\/04\/image.png 647w, https:\/\/eglisolles.fr\/wp-content\/uploads\/2026\/04\/image-300x109.png 300w\" sizes=\"auto, (max-width: 647px) 100vw, 647px\" \/><\/figure>\n","protected":false},"excerpt":{"rendered":"<p>L\u2019inscription des mercredis est ouverte pour la p\u00e9riode 20 avril jusqu\u2019au 2 juillet 2026. Pour le bon d\u00e9roulement de nos activit\u00e9s, merci d\u2019avance d\u2019anticiper l\u2019inscription de vos enfants (au moins 3 jours avant) plut\u00f4t que de la faire \u00e0 la derni\u00e8re minute : cela nous permet d\u2019organiser au mieux les [&hellip;]<\/p>\n","protected":false},"author":3,"featured_media":3848,"parent":0,"menu_order":0,"comment_status":"closed","ping_status":"closed","template":"","meta":{"footnotes":""},"class_list":["post-3839","page","type-page","status-publish","has-post-thumbnail","hentry"],"yoast_head":"<!-- This site is optimized with the Yoast SEO plugin v27.4 - https:\/\/yoast.com\/product\/yoast-seo-wordpress\/ -->\n<title>Inscriptions mercredis p\u00e9riode du 20 Avril au 2 juillet - Eglisolles<\/title>\n<meta name=\"robots\" content=\"index, follow, max-snippet:-1, max-image-preview:large, max-video-preview:-1\" \/>\n<link rel=\"canonical\" href=\"https:\/\/eglisolles.fr\/index.php\/inscriptions-mercredis-periode-du-20-avril-au-2-juillet\/\" \/>\n<meta property=\"og:locale\" content=\"fr_FR\" \/>\n<meta property=\"og:type\" content=\"article\" \/>\n<meta property=\"og:title\" content=\"Inscriptions mercredis p\u00e9riode du 20 Avril au 2 juillet - Eglisolles\" \/>\n<meta property=\"og:description\" content=\"L\u2019inscription des mercredis est ouverte pour la p\u00e9riode 20 avril jusqu\u2019au 2 juillet 2026. Pour le bon d\u00e9roulement de nos activit\u00e9s, merci d\u2019avance d\u2019anticiper l\u2019inscription de vos enfants (au moins 3 jours avant) plut\u00f4t que de la faire \u00e0 la derni\u00e8re minute : cela nous permet d\u2019organiser au mieux les [&hellip;]\" \/>\n<meta property=\"og:url\" content=\"https:\/\/eglisolles.fr\/index.php\/inscriptions-mercredis-periode-du-20-avril-au-2-juillet\/\" \/>\n<meta property=\"og:site_name\" content=\"Eglisolles\" \/>\n<meta property=\"article:publisher\" content=\"https:\/\/www.facebook.com\/municipalite.deglisolles.1\" \/>\n<meta property=\"article:modified_time\" content=\"2026-04-15T14:42:21+00:00\" \/>\n<meta property=\"og:image\" content=\"https:\/\/eglisolles.fr\/wp-content\/uploads\/2026\/04\/accueil_loisirs_ALSH.jpg\" \/>\n\t<meta property=\"og:image:width\" content=\"664\" \/>\n\t<meta property=\"og:image:height\" content=\"176\" \/>\n\t<meta property=\"og:image:type\" content=\"image\/jpeg\" \/>\n<meta name=\"twitter:card\" content=\"summary_large_image\" \/>\n<meta name=\"twitter:label1\" content=\"Dur\u00e9e de lecture estim\u00e9e\" \/>\n\t<meta name=\"twitter:data1\" content=\"1 minute\" \/>\n<script type=\"application\/ld+json\" class=\"yoast-schema-graph\">{\"@context\":\"https:\\\/\\\/schema.org\",\"@graph\":[{\"@type\":\"WebPage\",\"@id\":\"https:\\\/\\\/eglisolles.fr\\\/index.php\\\/inscriptions-mercredis-periode-du-20-avril-au-2-juillet\\\/\",\"url\":\"https:\\\/\\\/eglisolles.fr\\\/index.php\\\/inscriptions-mercredis-periode-du-20-avril-au-2-juillet\\\/\",\"name\":\"Inscriptions mercredis p\u00e9riode du 20 Avril au 2 juillet - Eglisolles\",\"isPartOf\":{\"@id\":\"https:\\\/\\\/eglisolles.fr\\\/#website\"},\"primaryImageOfPage\":{\"@id\":\"https:\\\/\\\/eglisolles.fr\\\/index.php\\\/inscriptions-mercredis-periode-du-20-avril-au-2-juillet\\\/#primaryimage\"},\"image\":{\"@id\":\"https:\\\/\\\/eglisolles.fr\\\/index.php\\\/inscriptions-mercredis-periode-du-20-avril-au-2-juillet\\\/#primaryimage\"},\"thumbnailUrl\":\"https:\\\/\\\/eglisolles.fr\\\/wp-content\\\/uploads\\\/2026\\\/04\\\/accueil_loisirs_ALSH.jpg\",\"datePublished\":\"2026-04-15T14:34:38+00:00\",\"dateModified\":\"2026-04-15T14:42:21+00:00\",\"breadcrumb\":{\"@id\":\"https:\\\/\\\/eglisolles.fr\\\/index.php\\\/inscriptions-mercredis-periode-du-20-avril-au-2-juillet\\\/#breadcrumb\"},\"inLanguage\":\"fr-FR\",\"potentialAction\":[{\"@type\":\"ReadAction\",\"target\":[\"https:\\\/\\\/eglisolles.fr\\\/index.php\\\/inscriptions-mercredis-periode-du-20-avril-au-2-juillet\\\/\"]}]},{\"@type\":\"ImageObject\",\"inLanguage\":\"fr-FR\",\"@id\":\"https:\\\/\\\/eglisolles.fr\\\/index.php\\\/inscriptions-mercredis-periode-du-20-avril-au-2-juillet\\\/#primaryimage\",\"url\":\"https:\\\/\\\/eglisolles.fr\\\/wp-content\\\/uploads\\\/2026\\\/04\\\/accueil_loisirs_ALSH.jpg\",\"contentUrl\":\"https:\\\/\\\/eglisolles.fr\\\/wp-content\\\/uploads\\\/2026\\\/04\\\/accueil_loisirs_ALSH.jpg\",\"width\":664,\"height\":176},{\"@type\":\"BreadcrumbList\",\"@id\":\"https:\\\/\\\/eglisolles.fr\\\/index.php\\\/inscriptions-mercredis-periode-du-20-avril-au-2-juillet\\\/#breadcrumb\",\"itemListElement\":[{\"@type\":\"ListItem\",\"position\":1,\"name\":\"Accueil\",\"item\":\"https:\\\/\\\/eglisolles.fr\\\/\"},{\"@type\":\"ListItem\",\"position\":2,\"name\":\"Inscriptions mercredis p\u00e9riode du 20 Avril au 2 juillet\"}]},{\"@type\":\"WebSite\",\"@id\":\"https:\\\/\\\/eglisolles.fr\\\/#website\",\"url\":\"https:\\\/\\\/eglisolles.fr\\\/\",\"name\":\"Eglisolles\",\"description\":\"Site de la Commune\",\"publisher\":{\"@id\":\"https:\\\/\\\/eglisolles.fr\\\/#organization\"},\"potentialAction\":[{\"@type\":\"SearchAction\",\"target\":{\"@type\":\"EntryPoint\",\"urlTemplate\":\"https:\\\/\\\/eglisolles.fr\\\/?s={search_term_string}\"},\"query-input\":{\"@type\":\"PropertyValueSpecification\",\"valueRequired\":true,\"valueName\":\"search_term_string\"}}],\"inLanguage\":\"fr-FR\"},{\"@type\":\"Organization\",\"@id\":\"https:\\\/\\\/eglisolles.fr\\\/#organization\",\"name\":\"Eglisolles\",\"url\":\"https:\\\/\\\/eglisolles.fr\\\/\",\"logo\":{\"@type\":\"ImageObject\",\"inLanguage\":\"fr-FR\",\"@id\":\"https:\\\/\\\/eglisolles.fr\\\/#\\\/schema\\\/logo\\\/image\\\/\",\"url\":\"https:\\\/\\\/eglisolles.fr\\\/wp-content\\\/uploads\\\/2021\\\/07\\\/cropped-logo_eglisolles_mairie_transp_5.png\",\"contentUrl\":\"https:\\\/\\\/eglisolles.fr\\\/wp-content\\\/uploads\\\/2021\\\/07\\\/cropped-logo_eglisolles_mairie_transp_5.png\",\"width\":428,\"height\":100,\"caption\":\"Eglisolles\"},\"image\":{\"@id\":\"https:\\\/\\\/eglisolles.fr\\\/#\\\/schema\\\/logo\\\/image\\\/\"},\"sameAs\":[\"https:\\\/\\\/www.facebook.com\\\/municipalite.deglisolles.1\"]}]}<\/script>\n<!-- \/ Yoast SEO plugin. -->","yoast_head_json":{"title":"Inscriptions mercredis p\u00e9riode du 20 Avril au 2 juillet - Eglisolles","robots":{"index":"index","follow":"follow","max-snippet":"max-snippet:-1","max-image-preview":"max-image-preview:large","max-video-preview":"max-video-preview:-1"},"canonical":"https:\/\/eglisolles.fr\/index.php\/inscriptions-mercredis-periode-du-20-avril-au-2-juillet\/","og_locale":"fr_FR","og_type":"article","og_title":"Inscriptions mercredis p\u00e9riode du 20 Avril au 2 juillet - Eglisolles","og_description":"L\u2019inscription des mercredis est ouverte pour la p\u00e9riode 20 avril jusqu\u2019au 2 juillet 2026. Pour le bon d\u00e9roulement de nos activit\u00e9s, merci d\u2019avance d\u2019anticiper l\u2019inscription de vos enfants (au moins 3 jours avant) plut\u00f4t que de la faire \u00e0 la derni\u00e8re minute : cela nous permet d\u2019organiser au mieux les [&hellip;]","og_url":"https:\/\/eglisolles.fr\/index.php\/inscriptions-mercredis-periode-du-20-avril-au-2-juillet\/","og_site_name":"Eglisolles","article_publisher":"https:\/\/www.facebook.com\/municipalite.deglisolles.1","article_modified_time":"2026-04-15T14:42:21+00:00","og_image":[{"width":664,"height":176,"url":"https:\/\/eglisolles.fr\/wp-content\/uploads\/2026\/04\/accueil_loisirs_ALSH.jpg","type":"image\/jpeg"}],"twitter_card":"summary_large_image","twitter_misc":{"Dur\u00e9e de lecture estim\u00e9e":"1 minute"},"schema":{"@context":"https:\/\/schema.org","@graph":[{"@type":"WebPage","@id":"https:\/\/eglisolles.fr\/index.php\/inscriptions-mercredis-periode-du-20-avril-au-2-juillet\/","url":"https:\/\/eglisolles.fr\/index.php\/inscriptions-mercredis-periode-du-20-avril-au-2-juillet\/","name":"Inscriptions mercredis p\u00e9riode du 20 Avril au 2 juillet - Eglisolles","isPartOf":{"@id":"https:\/\/eglisolles.fr\/#website"},"primaryImageOfPage":{"@id":"https:\/\/eglisolles.fr\/index.php\/inscriptions-mercredis-periode-du-20-avril-au-2-juillet\/#primaryimage"},"image":{"@id":"https:\/\/eglisolles.fr\/index.php\/inscriptions-mercredis-periode-du-20-avril-au-2-juillet\/#primaryimage"},"thumbnailUrl":"https:\/\/eglisolles.fr\/wp-content\/uploads\/2026\/04\/accueil_loisirs_ALSH.jpg","datePublished":"2026-04-15T14:34:38+00:00","dateModified":"2026-04-15T14:42:21+00:00","breadcrumb":{"@id":"https:\/\/eglisolles.fr\/index.php\/inscriptions-mercredis-periode-du-20-avril-au-2-juillet\/#breadcrumb"},"inLanguage":"fr-FR","potentialAction":[{"@type":"ReadAction","target":["https:\/\/eglisolles.fr\/index.php\/inscriptions-mercredis-periode-du-20-avril-au-2-juillet\/"]}]},{"@type":"ImageObject","inLanguage":"fr-FR","@id":"https:\/\/eglisolles.fr\/index.php\/inscriptions-mercredis-periode-du-20-avril-au-2-juillet\/#primaryimage","url":"https:\/\/eglisolles.fr\/wp-content\/uploads\/2026\/04\/accueil_loisirs_ALSH.jpg","contentUrl":"https:\/\/eglisolles.fr\/wp-content\/uploads\/2026\/04\/accueil_loisirs_ALSH.jpg","width":664,"height":176},{"@type":"BreadcrumbList","@id":"https:\/\/eglisolles.fr\/index.php\/inscriptions-mercredis-periode-du-20-avril-au-2-juillet\/#breadcrumb","itemListElement":[{"@type":"ListItem","position":1,"name":"Accueil","item":"https:\/\/eglisolles.fr\/"},{"@type":"ListItem","position":2,"name":"Inscriptions mercredis p\u00e9riode du 20 Avril au 2 juillet"}]},{"@type":"WebSite","@id":"https:\/\/eglisolles.fr\/#website","url":"https:\/\/eglisolles.fr\/","name":"Eglisolles","description":"Site de la Commune","publisher":{"@id":"https:\/\/eglisolles.fr\/#organization"},"potentialAction":[{"@type":"SearchAction","target":{"@type":"EntryPoint","urlTemplate":"https:\/\/eglisolles.fr\/?s={search_term_string}"},"query-input":{"@type":"PropertyValueSpecification","valueRequired":true,"valueName":"search_term_string"}}],"inLanguage":"fr-FR"},{"@type":"Organization","@id":"https:\/\/eglisolles.fr\/#organization","name":"Eglisolles","url":"https:\/\/eglisolles.fr\/","logo":{"@type":"ImageObject","inLanguage":"fr-FR","@id":"https:\/\/eglisolles.fr\/#\/schema\/logo\/image\/","url":"https:\/\/eglisolles.fr\/wp-content\/uploads\/2021\/07\/cropped-logo_eglisolles_mairie_transp_5.png","contentUrl":"https:\/\/eglisolles.fr\/wp-content\/uploads\/2021\/07\/cropped-logo_eglisolles_mairie_transp_5.png","width":428,"height":100,"caption":"Eglisolles"},"image":{"@id":"https:\/\/eglisolles.fr\/#\/schema\/logo\/image\/"},"sameAs":["https:\/\/www.facebook.com\/municipalite.deglisolles.1"]}]}},"_links":{"self":[{"href":"https:\/\/eglisolles.fr\/index.php\/wp-json\/wp\/v2\/pages\/3839","targetHints":{"allow":["GET"]}}],"collection":[{"href":"https:\/\/eglisolles.fr\/index.php\/wp-json\/wp\/v2\/pages"}],"about":[{"href":"https:\/\/eglisolles.fr\/index.php\/wp-json\/wp\/v2\/types\/page"}],"author":[{"embeddable":true,"href":"https:\/\/eglisolles.fr\/index.php\/wp-json\/wp\/v2\/users\/3"}],"replies":[{"embeddable":true,"href":"https:\/\/eglisolles.fr\/index.php\/wp-json\/wp\/v2\/comments?post=3839"}],"version-history":[{"count":3,"href":"https:\/\/eglisolles.fr\/index.php\/wp-json\/wp\/v2\/pages\/3839\/revisions"}],"predecessor-version":[{"id":3847,"href":"https:\/\/eglisolles.fr\/index.php\/wp-json\/wp\/v2\/pages\/3839\/revisions\/3847"}],"wp:featuredmedia":[{"embeddable":true,"href":"https:\/\/eglisolles.fr\/index.php\/wp-json\/wp\/v2\/media\/3848"}],"wp:attachment":[{"href":"https:\/\/eglisolles.fr\/index.php\/wp-json\/wp\/v2\/media?parent=3839"}],"curies":[{"name":"wp","href":"https:\/\/api.w.org\/{rel}","templated":true}]}}