{"id":2299,"date":"2022-04-29T18:02:46","date_gmt":"2022-04-29T16:02:46","guid":{"rendered":"https:\/\/eglisolles.fr\/?page_id=2299"},"modified":"2022-05-08T22:15:58","modified_gmt":"2022-05-08T20:15:58","slug":"demande-dextrait-dacte-de-naissance","status":"publish","type":"page","link":"https:\/\/eglisolles.fr\/index.php\/demande-dextrait-dacte-de-naissance\/","title":{"rendered":"Demande d&rsquo;extrait d&rsquo;acte de naissance"},"content":{"rendered":"\n<div class=\"wp-block-themeisle-blocks-advanced-columns has-1-columns has-desktop-equal-layout has-tablet-equal-layout has-mobile-equal-layout has-default-gap has-vertical-unset\" id=\"wp-block-themeisle-blocks-advanced-columns-d6c9372c\"><div class=\"wp-block-themeisle-blocks-advanced-columns-overlay\"><\/div><div class=\"innerblocks-wrap\">\n<div class=\"wp-block-themeisle-blocks-advanced-column\" id=\"wp-block-themeisle-blocks-advanced-column-34c0ab23\">\n<h2 class=\"wp-block-heading\">Conditions de d\u00e9livrance<\/h2>\n\n\n\n<p>Ce formulaire vous permet d&rsquo;effectuer une d\u00e9marche en ligne \u00e0 destination d&rsquo;une Collectivit\u00e9 Territoriale.<br>La loi \u2116 78-17 du 6 janvier 1978 relative \u00e0 l&rsquo;informatique, aux fichiers et aux libert\u00e9s s&rsquo;applique aux donn\u00e9es nominatives renseign\u00e9es dans ce formulaire. Elle garantit un droit d&rsquo;acc\u00e8s et de rectification pour ces donn\u00e9es aupr\u00e8s de la collectivit\u00e9 destinatrice du formulaire.<br><strong>Pour obtenir une copie d&rsquo;acte int\u00e9gral, le demandeur doit satisfaire trois conditions<\/strong> :<br>&nbsp; &nbsp;&#8211; \u00eatre la personne concern\u00e9e par l&rsquo;acte, ses ascendants ou descendants, repr\u00e9sentant l\u00e9gal (donc, ses fr\u00e8res et s\u0153urs sont exclus)<br>&nbsp; &nbsp;&#8211; \u00eatre majeur ou \u00e9mancip\u00e9<br>&nbsp; &nbsp;&#8211; d\u00e9cliner, lors de la demande, les noms et pr\u00e9noms usuels des parents de la personne que l&rsquo;acte concerne<br>Vous devez remplir enti\u00e8rement le ou les formulaires concern\u00e9s<br>Votre demande sera imprim\u00e9e et transmise au service de l&rsquo;Etat Civil.<br>Votre demande sera trait\u00e9e dans les meilleurs d\u00e9lais, vous recevrez l&rsquo;acte concern\u00e9 \u00e0 votre domicile par voie postale.<\/p>\n<\/div>\n<\/div><\/div>\n\n\n\n<div class=\"wpcf7 no-js\" id=\"wpcf7-f2298-o1\" lang=\"fr-FR\" dir=\"ltr\" data-wpcf7-id=\"2298\">\n<div class=\"screen-reader-response\"><p role=\"status\" aria-live=\"polite\" aria-atomic=\"true\"><\/p> <ul><\/ul><\/div>\n<form action=\"\/index.php\/wp-json\/wp\/v2\/pages\/2299#wpcf7-f2298-o1\" method=\"post\" class=\"wpcf7-form init cf7skins cf7t-fieldset-in-fieldset\" aria-label=\"Formulaire de contact\" novalidate=\"novalidate\" data-status=\"init\">\n<fieldset class=\"hidden-fields-container\"><input type=\"hidden\" name=\"_wpcf7\" value=\"2298\" \/><input type=\"hidden\" name=\"_wpcf7_version\" value=\"6.1.5\" \/><input type=\"hidden\" name=\"_wpcf7_locale\" value=\"fr_FR\" \/><input type=\"hidden\" name=\"_wpcf7_unit_tag\" value=\"wpcf7-f2298-o1\" \/><input type=\"hidden\" name=\"_wpcf7_container_post\" value=\"0\" \/><input type=\"hidden\" name=\"_wpcf7_posted_data_hash\" value=\"\" \/>\n<\/fieldset>\n<fieldset  class=\"fieldset0\">\n\t<legend  class=\"color_field0\">Demande d'extrait d'acte de naissance<\/legend>\n\t<fieldset  class=\"fieldset1\">\n\t\t<legend class=\"color_field2\">Le demandeur<\/legend>\n\t\t<ol>\n\t\t\t<li><label for=''>J&#039;ai lu et accepte les conditions de d\u00e9livrance ci-dessus <em class=\"cf7s-reqd\">*<\/em> <\/label><span class=\"wpcf7-form-control-wrap\" data-name=\"checkbox-819\"><span class=\"wpcf7-form-control wpcf7-checkbox wpcf7-validates-as-required\"><span class=\"wpcf7-list-item first last\"><input type=\"checkbox\" name=\"checkbox-819[]\" value=\"\" \/><span class=\"wpcf7-list-item-label\"><\/span><\/span><\/span><\/span><\/li>\n\t\t\t<li><label for=''>Civilit\u00e9 <em class=\"cf7s-reqd\">*<\/em> <\/label><span class=\"wpcf7-form-control-wrap\" data-name=\"select-260\"><select class=\"wpcf7-form-control wpcf7-select wpcf7-validates-as-required select_civilite\" aria-required=\"true\" aria-invalid=\"false\" name=\"select-260\"><option value=\"Monsieur\">Monsieur<\/option><option value=\"Mademoiselle\">Mademoiselle<\/option><option value=\"Madame\">Madame<\/option><\/select><\/span><\/li>\n\t\t\t<li><label for=''>Nom <em class=\"cf7s-reqd\">*<\/em> <\/label><span class=\"wpcf7-form-control-wrap\" data-name=\"text-966\"><input size=\"40\" maxlength=\"400\" class=\"wpcf7-form-control wpcf7-text wpcf7-validates-as-required inmiut1\" aria-required=\"true\" aria-invalid=\"false\" value=\"\" type=\"text\" name=\"text-966\" \/><\/span><\/li>\n\t\t\t<li><label for=''>Pr\u00e9nom <em class=\"cf7s-reqd\">*<\/em> <\/label><span class=\"wpcf7-form-control-wrap\" data-name=\"text-915\"><input size=\"40\" maxlength=\"400\" class=\"wpcf7-form-control wpcf7-text wpcf7-validates-as-required input1\" aria-required=\"true\" aria-invalid=\"false\" value=\"\" type=\"text\" name=\"text-915\" \/><\/span><\/li>\n\t\t\t<li><label for=''>Adresse <em class=\"cf7s-reqd\">*<\/em> <\/label><span class=\"wpcf7-form-control-wrap\" data-name=\"text-973\"><input size=\"40\" maxlength=\"400\" class=\"wpcf7-form-control wpcf7-text wpcf7-validates-as-required input2\" aria-required=\"true\" aria-invalid=\"false\" value=\"\" type=\"text\" name=\"text-973\" \/><\/span><\/li>\n\t\t\t<li><label for=''>Compl\u00e9ment d&#039;adresse <\/label><span class=\"wpcf7-form-control-wrap\" data-name=\"text-494\"><input size=\"40\" maxlength=\"400\" class=\"wpcf7-form-control wpcf7-text input2\" aria-invalid=\"false\" value=\"\" type=\"text\" name=\"text-494\" \/><\/span><\/li>\n\t\t\t<li><label for=''>Code Postal <em class=\"cf7s-reqd\">*<\/em> <\/label><span class=\"wpcf7-form-control-wrap\" data-name=\"text-257\"><input size=\"40\" maxlength=\"400\" class=\"wpcf7-form-control wpcf7-text wpcf7-validates-as-required input1\" aria-required=\"true\" aria-invalid=\"false\" value=\"\" type=\"text\" name=\"text-257\" \/><\/span><\/li>\n\t\t\t<li><label for=''>Ville <em class=\"cf7s-reqd\">*<\/em> <\/label><span class=\"wpcf7-form-control-wrap\" data-name=\"text-243\"><input size=\"40\" maxlength=\"400\" class=\"wpcf7-form-control wpcf7-text wpcf7-validates-as-required input2\" aria-required=\"true\" aria-invalid=\"false\" value=\"\" type=\"text\" name=\"text-243\" \/><\/span><\/li>\n\t\t\t<li><label for=''>T\u00e9l\u00e9phone <\/label><span class=\"wpcf7-form-control-wrap\" data-name=\"text-171\"><input size=\"40\" maxlength=\"400\" class=\"wpcf7-form-control wpcf7-text input1\" aria-invalid=\"false\" value=\"\" type=\"text\" name=\"text-171\" \/><\/span><\/li>\n\t\t\t<li><label for=''>Courriel <em class=\"cf7s-reqd\">*<\/em> <\/label><span class=\"wpcf7-form-control-wrap\" data-name=\"email-753\"><input size=\"40\" maxlength=\"400\" class=\"wpcf7-form-control wpcf7-email wpcf7-validates-as-required wpcf7-text wpcf7-validates-as-email\" aria-required=\"true\" aria-invalid=\"false\" value=\"\" type=\"email\" name=\"email-753\" \/><\/span><\/li>\n\t\t\t<li><label for=''>Effectue la demande en tant que: <em class=\"cf7s-reqd\">*<\/em> <\/label><span class=\"wpcf7-form-control-wrap\" data-name=\"select-410\"><select class=\"wpcf7-form-control wpcf7-select wpcf7-validates-as-required\" aria-required=\"true\" aria-invalid=\"false\" name=\"select-410\"><option value=\"Personne concern\u00e9e par l&#039;acte\">Personne concern\u00e9e par l&#039;acte<\/option><option value=\"Conjoint\">Conjoint<\/option><option value=\"P\u00e8re ou M\u00e8re\">P\u00e8re ou M\u00e8re<\/option><option value=\"Fille ou fils\">Fille ou fils<\/option><option value=\"Fr\u00e8re ou soeur\">Fr\u00e8re ou soeur<\/option><option value=\"Gd p\u00e8re ou Gd m\u00e8re\">Gd p\u00e8re ou Gd m\u00e8re<\/option><option value=\"Petit-fils ou petite-fille\">Petit-fils ou petite-fille<\/option><option value=\"Repr\u00e9sentant l\u00e9gal\">Repr\u00e9sentant l\u00e9gal<\/option><option value=\"Notaire\">Notaire<\/option><option value=\"Collectivit\u00e9\">Collectivit\u00e9<\/option><option value=\"Autre\">Autre<\/option><\/select><\/span><\/li>\n\t\t<\/ol>\n\t\t<ol\/>\n\t<\/fieldset>\n\t<fieldset  class=\"fieldset2\">\n\t\t<legend class=\"color_field2\">La personne concern\u00e9e (La personne dont on veut recevoir l'acte)<\/legend>\n\t\t<ol>\n\t\t\t<li><label for=''>Nom de naissance <em class=\"cf7s-reqd\">*<\/em> <\/label><span class=\"wpcf7-form-control-wrap\" data-name=\"text-289\"><input size=\"40\" maxlength=\"400\" class=\"wpcf7-form-control wpcf7-text wpcf7-validates-as-required input1\" aria-required=\"true\" aria-invalid=\"false\" value=\"\" type=\"text\" name=\"text-289\" \/><\/span><\/li>\n\t\t\t<li><label for=''>Pr\u00e9nom d&#039;usage <em class=\"cf7s-reqd\">*<\/em> <\/label><span class=\"wpcf7-form-control-wrap\" data-name=\"text-641\"><input size=\"40\" maxlength=\"400\" class=\"wpcf7-form-control wpcf7-text wpcf7-validates-as-required input1\" aria-required=\"true\" aria-invalid=\"false\" value=\"\" type=\"text\" name=\"text-641\" \/><\/span><\/li>\n\t\t\t<li><label for=''>Date de naissance <em class=\"cf7s-reqd\">*<\/em> <\/label><span class=\"wpcf7-form-control-wrap\" data-name=\"text-700\"><input size=\"40\" maxlength=\"400\" class=\"wpcf7-form-control wpcf7-text wpcf7-validates-as-required\" aria-required=\"true\" aria-invalid=\"false\" placeholder=\"jj\/mm\/aaaa\" value=\"\" type=\"text\" name=\"text-700\" \/><\/span><\/li>\n\t\t\t<li><label for=''>D\u00e9partement de naissance <em class=\"cf7s-reqd\">*<\/em> <\/label><span class=\"wpcf7-form-control-wrap\" data-name=\"text-220\"><input size=\"40\" maxlength=\"400\" class=\"wpcf7-form-control wpcf7-text wpcf7-validates-as-required\" aria-required=\"true\" aria-invalid=\"false\" value=\"63\" type=\"text\" name=\"text-220\" \/><\/span><\/li>\n\t\t\t<li><label for=''>Commune de naissance <em class=\"cf7s-reqd\">*<\/em> <\/label><span class=\"wpcf7-form-control-wrap\" data-name=\"text-435\"><input size=\"40\" maxlength=\"400\" class=\"wpcf7-form-control wpcf7-text wpcf7-validates-as-required\" aria-required=\"true\" aria-invalid=\"false\" value=\"Eglisolles\" type=\"text\" name=\"text-435\" \/><\/span><\/li>\n\t\t\t<li><label for=''>Nom du p\u00e8re <em class=\"cf7s-reqd\">*<\/em> <\/label><span class=\"wpcf7-form-control-wrap\" data-name=\"text-965\"><input size=\"40\" maxlength=\"400\" class=\"wpcf7-form-control wpcf7-text wpcf7-validates-as-required input1\" aria-required=\"true\" aria-invalid=\"false\" value=\"\" type=\"text\" name=\"text-965\" \/><\/span><\/li>\n\t\t\t<li><label for=''>Pr\u00e9nom d&#039;usage du p\u00e8re <em class=\"cf7s-reqd\">*<\/em> <\/label><span class=\"wpcf7-form-control-wrap\" data-name=\"text-879\"><input size=\"40\" maxlength=\"400\" class=\"wpcf7-form-control wpcf7-text wpcf7-validates-as-required input1\" aria-required=\"true\" aria-invalid=\"false\" value=\"\" type=\"text\" name=\"text-879\" \/><\/span><\/li>\n\t\t\t<li><label for=''>Nom de naissance la m\u00e8re <em class=\"cf7s-reqd\">*<\/em> <\/label><span class=\"wpcf7-form-control-wrap\" data-name=\"text-442\"><input size=\"40\" maxlength=\"400\" class=\"wpcf7-form-control wpcf7-text wpcf7-validates-as-required input1\" aria-required=\"true\" aria-invalid=\"false\" value=\"\" type=\"text\" name=\"text-442\" \/><\/span><\/li>\n\t\t\t<li><label for=''>Pr\u00e9nom d&#039;usage de la m\u00e8re <em class=\"cf7s-reqd\">*<\/em> <\/label><span class=\"wpcf7-form-control-wrap\" data-name=\"text-452\"><input size=\"40\" maxlength=\"400\" class=\"wpcf7-form-control wpcf7-text wpcf7-validates-as-required input1\" aria-required=\"true\" aria-invalid=\"false\" value=\"\" type=\"text\" name=\"text-452\" \/><\/span><\/li>\n\t\t<\/ol>\n         <\/fieldset>\n\t\t<fieldset  class=\"fieldset3\">\n\t\t\t<legend class=\"color_field2\">La demande<\/legend>\n\t\t\t<ol>\n\t\t\t\t<li><label for=''>Nature de l&#039;acte <\/label><span class=\"wpcf7-form-control-wrap\" data-name=\"select-603\"><select class=\"wpcf7-form-control wpcf7-select\" aria-invalid=\"false\" name=\"select-603\"><option value=\"Extrait avec filiation\">Extrait avec filiation<\/option><option value=\"Extrait sans filiation\">Extrait sans filiation<\/option><option value=\"Copie int\u00e9grale\">Copie int\u00e9grale<\/option><\/select><\/span><\/li>\n\t\t\t\t<li><label for=''>Nombre d&#039;exemplaires <\/label><span class=\"wpcf7-form-control-wrap\" data-name=\"select-745\"><select class=\"wpcf7-form-control wpcf7-select\" aria-invalid=\"false\" name=\"select-745\"><option value=\"1\">1<\/option><option value=\"2\">2<\/option><option value=\"3\">3<\/option><option value=\"4\">4<\/option><option value=\"5\">5<\/option><\/select><\/span><\/li>\n\t\t\t<\/ol>\n\t\t<\/fieldset>\n\t\n\t<p>\n\t\t<span class=\"rouge\">* Champs obligatoires<\/span><br \/>\n                  <div id=\"cf7sr-69e9f7343f7b1\" class=\"cf7sr-g-recaptcha\" data-theme=\"light\" data-type=\"image\" data-size=\"normal\" data-sitekey=\"6Ldu3TsfAAAAAL-l7g-JGU8nrckqns4waHNujP6p\"><\/div><span class=\"wpcf7-form-control-wrap cf7sr-recaptcha\" data-name=\"cf7sr-recaptcha\"><input type=\"hidden\" name=\"cf7sr-recaptcha\" value=\"\" class=\"wpcf7-form-control\"><\/span>\n  <span class=\"wpcf7-form-control-wrap\" data-name=\"checkbox-906\"><span class=\"wpcf7-form-control wpcf7-checkbox\"><span class=\"wpcf7-list-item first last\"><input type=\"checkbox\" name=\"checkbox-906[]\" value=\"\" \/><span class=\"wpcf7-list-item-label\"><\/span><\/span><\/span><\/span>J\u2019accepte la collecte de mes donn\u00e9es ci-haut par la commune d'Eglisolles. Ces donn\u00e9es seront utilis\u00e9es \u00e0 des fins non commerciales et permettent de r\u00e9pondre utilement \u00e0 votre demande. Les informations sont trait\u00e9es dans le respect de notre politique de confidentialit\u00e9. \n\t<\/p>\n<span class=\"note_italic\">(La confirmation de votre envoi va s'afficher juste en dessous du bouton \"Envoyer le demande\")<\/span>\n\t<input class=\"wpcf7-form-control wpcf7-submit has-spinner\" type=\"submit\" value=\"Envoyer la demande\" \/>\n<\/fieldset><div class=\"wpcf7-response-output\" aria-hidden=\"true\"><\/div>\n<\/form>\n<\/div>\n\n","protected":false},"excerpt":{"rendered":"","protected":false},"author":1,"featured_media":0,"parent":0,"menu_order":0,"comment_status":"closed","ping_status":"closed","template":"","meta":{"footnotes":""},"class_list":["post-2299","page","type-page","status-publish","hentry"],"yoast_head":"<!-- This site is optimized with the Yoast SEO plugin v27.4 - https:\/\/yoast.com\/product\/yoast-seo-wordpress\/ -->\n<title>Demande d&#039;extrait d&#039;acte de naissance - Eglisolles<\/title>\n<meta name=\"robots\" content=\"index, follow, max-snippet:-1, max-image-preview:large, max-video-preview:-1\" \/>\n<link rel=\"canonical\" href=\"https:\/\/eglisolles.fr\/index.php\/demande-dextrait-dacte-de-naissance\/\" \/>\n<meta property=\"og:locale\" content=\"fr_FR\" \/>\n<meta property=\"og:type\" content=\"article\" \/>\n<meta property=\"og:title\" content=\"Demande d&#039;extrait d&#039;acte de naissance - Eglisolles\" \/>\n<meta property=\"og:url\" content=\"https:\/\/eglisolles.fr\/index.php\/demande-dextrait-dacte-de-naissance\/\" \/>\n<meta property=\"og:site_name\" content=\"Eglisolles\" \/>\n<meta property=\"article:publisher\" content=\"https:\/\/www.facebook.com\/municipalite.deglisolles.1\" \/>\n<meta property=\"article:modified_time\" content=\"2022-05-08T20:15:58+00:00\" \/>\n<meta name=\"twitter:card\" content=\"summary_large_image\" \/>\n<meta name=\"twitter:label1\" content=\"Dur\u00e9e de lecture estim\u00e9e\" \/>\n\t<meta name=\"twitter:data1\" content=\"1 minute\" \/>\n<script type=\"application\/ld+json\" class=\"yoast-schema-graph\">{\"@context\":\"https:\\\/\\\/schema.org\",\"@graph\":[{\"@type\":\"WebPage\",\"@id\":\"https:\\\/\\\/eglisolles.fr\\\/index.php\\\/demande-dextrait-dacte-de-naissance\\\/\",\"url\":\"https:\\\/\\\/eglisolles.fr\\\/index.php\\\/demande-dextrait-dacte-de-naissance\\\/\",\"name\":\"Demande d'extrait d'acte de naissance - Eglisolles\",\"isPartOf\":{\"@id\":\"https:\\\/\\\/eglisolles.fr\\\/#website\"},\"datePublished\":\"2022-04-29T16:02:46+00:00\",\"dateModified\":\"2022-05-08T20:15:58+00:00\",\"breadcrumb\":{\"@id\":\"https:\\\/\\\/eglisolles.fr\\\/index.php\\\/demande-dextrait-dacte-de-naissance\\\/#breadcrumb\"},\"inLanguage\":\"fr-FR\",\"potentialAction\":[{\"@type\":\"ReadAction\",\"target\":[\"https:\\\/\\\/eglisolles.fr\\\/index.php\\\/demande-dextrait-dacte-de-naissance\\\/\"]}]},{\"@type\":\"BreadcrumbList\",\"@id\":\"https:\\\/\\\/eglisolles.fr\\\/index.php\\\/demande-dextrait-dacte-de-naissance\\\/#breadcrumb\",\"itemListElement\":[{\"@type\":\"ListItem\",\"position\":1,\"name\":\"Accueil\",\"item\":\"https:\\\/\\\/eglisolles.fr\\\/\"},{\"@type\":\"ListItem\",\"position\":2,\"name\":\"Demande d&rsquo;extrait d&rsquo;acte de naissance\"}]},{\"@type\":\"WebSite\",\"@id\":\"https:\\\/\\\/eglisolles.fr\\\/#website\",\"url\":\"https:\\\/\\\/eglisolles.fr\\\/\",\"name\":\"Eglisolles\",\"description\":\"Site de la Commune\",\"publisher\":{\"@id\":\"https:\\\/\\\/eglisolles.fr\\\/#organization\"},\"potentialAction\":[{\"@type\":\"SearchAction\",\"target\":{\"@type\":\"EntryPoint\",\"urlTemplate\":\"https:\\\/\\\/eglisolles.fr\\\/?s={search_term_string}\"},\"query-input\":{\"@type\":\"PropertyValueSpecification\",\"valueRequired\":true,\"valueName\":\"search_term_string\"}}],\"inLanguage\":\"fr-FR\"},{\"@type\":\"Organization\",\"@id\":\"https:\\\/\\\/eglisolles.fr\\\/#organization\",\"name\":\"Eglisolles\",\"url\":\"https:\\\/\\\/eglisolles.fr\\\/\",\"logo\":{\"@type\":\"ImageObject\",\"inLanguage\":\"fr-FR\",\"@id\":\"https:\\\/\\\/eglisolles.fr\\\/#\\\/schema\\\/logo\\\/image\\\/\",\"url\":\"https:\\\/\\\/eglisolles.fr\\\/wp-content\\\/uploads\\\/2021\\\/07\\\/cropped-logo_eglisolles_mairie_transp_5.png\",\"contentUrl\":\"https:\\\/\\\/eglisolles.fr\\\/wp-content\\\/uploads\\\/2021\\\/07\\\/cropped-logo_eglisolles_mairie_transp_5.png\",\"width\":428,\"height\":100,\"caption\":\"Eglisolles\"},\"image\":{\"@id\":\"https:\\\/\\\/eglisolles.fr\\\/#\\\/schema\\\/logo\\\/image\\\/\"},\"sameAs\":[\"https:\\\/\\\/www.facebook.com\\\/municipalite.deglisolles.1\"]}]}<\/script>\n<!-- \/ Yoast SEO plugin. -->","yoast_head_json":{"title":"Demande d'extrait d'acte de naissance - Eglisolles","robots":{"index":"index","follow":"follow","max-snippet":"max-snippet:-1","max-image-preview":"max-image-preview:large","max-video-preview":"max-video-preview:-1"},"canonical":"https:\/\/eglisolles.fr\/index.php\/demande-dextrait-dacte-de-naissance\/","og_locale":"fr_FR","og_type":"article","og_title":"Demande d'extrait d'acte de naissance - Eglisolles","og_url":"https:\/\/eglisolles.fr\/index.php\/demande-dextrait-dacte-de-naissance\/","og_site_name":"Eglisolles","article_publisher":"https:\/\/www.facebook.com\/municipalite.deglisolles.1","article_modified_time":"2022-05-08T20:15:58+00:00","twitter_card":"summary_large_image","twitter_misc":{"Dur\u00e9e de lecture estim\u00e9e":"1 minute"},"schema":{"@context":"https:\/\/schema.org","@graph":[{"@type":"WebPage","@id":"https:\/\/eglisolles.fr\/index.php\/demande-dextrait-dacte-de-naissance\/","url":"https:\/\/eglisolles.fr\/index.php\/demande-dextrait-dacte-de-naissance\/","name":"Demande d'extrait d'acte de naissance - Eglisolles","isPartOf":{"@id":"https:\/\/eglisolles.fr\/#website"},"datePublished":"2022-04-29T16:02:46+00:00","dateModified":"2022-05-08T20:15:58+00:00","breadcrumb":{"@id":"https:\/\/eglisolles.fr\/index.php\/demande-dextrait-dacte-de-naissance\/#breadcrumb"},"inLanguage":"fr-FR","potentialAction":[{"@type":"ReadAction","target":["https:\/\/eglisolles.fr\/index.php\/demande-dextrait-dacte-de-naissance\/"]}]},{"@type":"BreadcrumbList","@id":"https:\/\/eglisolles.fr\/index.php\/demande-dextrait-dacte-de-naissance\/#breadcrumb","itemListElement":[{"@type":"ListItem","position":1,"name":"Accueil","item":"https:\/\/eglisolles.fr\/"},{"@type":"ListItem","position":2,"name":"Demande d&rsquo;extrait d&rsquo;acte de naissance"}]},{"@type":"WebSite","@id":"https:\/\/eglisolles.fr\/#website","url":"https:\/\/eglisolles.fr\/","name":"Eglisolles","description":"Site de la Commune","publisher":{"@id":"https:\/\/eglisolles.fr\/#organization"},"potentialAction":[{"@type":"SearchAction","target":{"@type":"EntryPoint","urlTemplate":"https:\/\/eglisolles.fr\/?s={search_term_string}"},"query-input":{"@type":"PropertyValueSpecification","valueRequired":true,"valueName":"search_term_string"}}],"inLanguage":"fr-FR"},{"@type":"Organization","@id":"https:\/\/eglisolles.fr\/#organization","name":"Eglisolles","url":"https:\/\/eglisolles.fr\/","logo":{"@type":"ImageObject","inLanguage":"fr-FR","@id":"https:\/\/eglisolles.fr\/#\/schema\/logo\/image\/","url":"https:\/\/eglisolles.fr\/wp-content\/uploads\/2021\/07\/cropped-logo_eglisolles_mairie_transp_5.png","contentUrl":"https:\/\/eglisolles.fr\/wp-content\/uploads\/2021\/07\/cropped-logo_eglisolles_mairie_transp_5.png","width":428,"height":100,"caption":"Eglisolles"},"image":{"@id":"https:\/\/eglisolles.fr\/#\/schema\/logo\/image\/"},"sameAs":["https:\/\/www.facebook.com\/municipalite.deglisolles.1"]}]}},"_links":{"self":[{"href":"https:\/\/eglisolles.fr\/index.php\/wp-json\/wp\/v2\/pages\/2299","targetHints":{"allow":["GET"]}}],"collection":[{"href":"https:\/\/eglisolles.fr\/index.php\/wp-json\/wp\/v2\/pages"}],"about":[{"href":"https:\/\/eglisolles.fr\/index.php\/wp-json\/wp\/v2\/types\/page"}],"author":[{"embeddable":true,"href":"https:\/\/eglisolles.fr\/index.php\/wp-json\/wp\/v2\/users\/1"}],"replies":[{"embeddable":true,"href":"https:\/\/eglisolles.fr\/index.php\/wp-json\/wp\/v2\/comments?post=2299"}],"version-history":[{"count":3,"href":"https:\/\/eglisolles.fr\/index.php\/wp-json\/wp\/v2\/pages\/2299\/revisions"}],"predecessor-version":[{"id":2310,"href":"https:\/\/eglisolles.fr\/index.php\/wp-json\/wp\/v2\/pages\/2299\/revisions\/2310"}],"wp:attachment":[{"href":"https:\/\/eglisolles.fr\/index.php\/wp-json\/wp\/v2\/media?parent=2299"}],"curies":[{"name":"wp","href":"https:\/\/api.w.org\/{rel}","templated":true}]}}