{"id":2116,"date":"2022-02-22T21:15:09","date_gmt":"2022-02-22T20:15:09","guid":{"rendered":"https:\/\/eglisolles.fr\/?page_id=2116"},"modified":"2022-02-22T21:15:10","modified_gmt":"2022-02-22T20:15:10","slug":"espace-france-services","status":"publish","type":"page","link":"https:\/\/eglisolles.fr\/index.php\/espace-france-services\/","title":{"rendered":"Espace France services"},"content":{"rendered":"\n<div class=\"wp-block-themeisle-blocks-advanced-columns has-1-columns has-desktop-equal-layout has-tablet-equal-layout has-mobile-equal-layout has-default-gap has-vertical-unset\" id=\"wp-block-themeisle-blocks-advanced-columns-e3daf8b4\"><div class=\"wp-block-themeisle-blocks-advanced-columns-overlay\"><\/div><div class=\"innerblocks-wrap\">\n<div class=\"wp-block-themeisle-blocks-advanced-column\" id=\"wp-block-themeisle-blocks-advanced-column-ac8ae765\">\n<p> 3 place de l&rsquo;\u00c9glise 63840  Viverols( 3km ) T\u00e9l <strong>04 73 95 36 40<\/strong><\/p>\n\n\n\n<p><a href=\"http:\/\/www.ambertlivradoisforez.fr\/un-territoire-a-votre-service\/services-a-la-population\/msap\/\" target=\"_blank\" rel=\"noreferrer noopener\">Site Web<\/a><\/p>\n<\/div>\n<\/div><\/div>\n\n\n\n<p>S<strong>ervices propos\u00e9s :<\/strong> Accompagnement aux usages num\u00e9riques et\/ou aux d\u00e9marches administratives<\/p>\n\n\n\n<p><strong>Services num\u00e9riques et\/ou de m\u00e9diation disponibles :<\/strong> Ateliers d&rsquo;initiation num\u00e9rique et libre acc\u00e8s \u00e0 internet\/Wifi<br>Services num\u00e9riques et\/ou de m\u00e9diation aupr\u00e8s des partenaires suivants : ADIL, ANTS, CAF, CARSAT, CDAD, CESU, CIDFF, CPAM, MSA, Imp\u00f4ts, La Poste, P\u00f4le Emploi, ?<\/p>\n\n\n\n<p><strong>Nombre de pc \u00e0 disposition :<\/strong> 6 ordinateurs<\/p>\n\n\n\n<p><strong>Autres \u00e9quipements \u00e0 disposition :<\/strong> imprimante\/photocopieuse, scanner<br>Acc\u00e8s \u00e0 un espace Coworking : 6 bureaux, 1 salle de r\u00e9union, 1 cuisine avec terrasse, wifi, imprimante, vid\u00e9oprojecteur?<\/p>\n","protected":false},"excerpt":{"rendered":"<p>Services propos\u00e9s : Accompagnement aux usages num\u00e9riques et\/ou aux d\u00e9marches administratives Services num\u00e9riques et\/ou de m\u00e9diation disponibles : Ateliers d&rsquo;initiation num\u00e9rique et libre acc\u00e8s \u00e0 internet\/WifiServices num\u00e9riques et\/ou de m\u00e9diation aupr\u00e8s des partenaires suivants : ADIL, ANTS, CAF, CARSAT, CDAD, CESU, CIDFF, CPAM, MSA, Imp\u00f4ts, La Poste, P\u00f4le Emploi, ? [&hellip;]<\/p>\n","protected":false},"author":1,"featured_media":0,"parent":0,"menu_order":0,"comment_status":"closed","ping_status":"closed","template":"","meta":{"footnotes":""},"class_list":["post-2116","page","type-page","status-publish","hentry"],"yoast_head":"<!-- This site is optimized with the Yoast SEO plugin v27.2 - https:\/\/yoast.com\/product\/yoast-seo-wordpress\/ -->\n<title>Espace France services - Eglisolles<\/title>\n<meta name=\"robots\" content=\"index, follow, max-snippet:-1, max-image-preview:large, max-video-preview:-1\" \/>\n<link rel=\"canonical\" href=\"https:\/\/eglisolles.fr\/index.php\/espace-france-services\/\" \/>\n<meta property=\"og:locale\" content=\"fr_FR\" \/>\n<meta property=\"og:type\" content=\"article\" \/>\n<meta property=\"og:title\" content=\"Espace France services - Eglisolles\" \/>\n<meta property=\"og:description\" content=\"Services propos\u00e9s : Accompagnement aux usages num\u00e9riques et\/ou aux d\u00e9marches administratives Services num\u00e9riques et\/ou de m\u00e9diation disponibles : Ateliers d&rsquo;initiation num\u00e9rique et libre acc\u00e8s \u00e0 internet\/WifiServices num\u00e9riques et\/ou de m\u00e9diation aupr\u00e8s des partenaires suivants : ADIL, ANTS, CAF, CARSAT, CDAD, CESU, CIDFF, CPAM, MSA, Imp\u00f4ts, La Poste, P\u00f4le Emploi, ? [&hellip;]\" \/>\n<meta property=\"og:url\" content=\"https:\/\/eglisolles.fr\/index.php\/espace-france-services\/\" \/>\n<meta property=\"og:site_name\" content=\"Eglisolles\" \/>\n<meta property=\"article:publisher\" content=\"https:\/\/www.facebook.com\/municipalite.deglisolles.1\" \/>\n<meta property=\"article:modified_time\" content=\"2022-02-22T20:15:10+00:00\" \/>\n<meta name=\"twitter:card\" content=\"summary_large_image\" \/>\n<meta name=\"twitter:label1\" content=\"Dur\u00e9e de lecture estim\u00e9e\" \/>\n\t<meta name=\"twitter:data1\" content=\"1 minute\" \/>\n<script type=\"application\/ld+json\" class=\"yoast-schema-graph\">{\"@context\":\"https:\/\/schema.org\",\"@graph\":[{\"@type\":\"WebPage\",\"@id\":\"https:\/\/eglisolles.fr\/index.php\/espace-france-services\/\",\"url\":\"https:\/\/eglisolles.fr\/index.php\/espace-france-services\/\",\"name\":\"Espace France services - Eglisolles\",\"isPartOf\":{\"@id\":\"https:\/\/eglisolles.fr\/#website\"},\"datePublished\":\"2022-02-22T20:15:09+00:00\",\"dateModified\":\"2022-02-22T20:15:10+00:00\",\"breadcrumb\":{\"@id\":\"https:\/\/eglisolles.fr\/index.php\/espace-france-services\/#breadcrumb\"},\"inLanguage\":\"fr-FR\",\"potentialAction\":[{\"@type\":\"ReadAction\",\"target\":[\"https:\/\/eglisolles.fr\/index.php\/espace-france-services\/\"]}]},{\"@type\":\"BreadcrumbList\",\"@id\":\"https:\/\/eglisolles.fr\/index.php\/espace-france-services\/#breadcrumb\",\"itemListElement\":[{\"@type\":\"ListItem\",\"position\":1,\"name\":\"Accueil\",\"item\":\"https:\/\/eglisolles.fr\/\"},{\"@type\":\"ListItem\",\"position\":2,\"name\":\"Espace France services\"}]},{\"@type\":\"WebSite\",\"@id\":\"https:\/\/eglisolles.fr\/#website\",\"url\":\"https:\/\/eglisolles.fr\/\",\"name\":\"Eglisolles\",\"description\":\"Site de la Commune\",\"publisher\":{\"@id\":\"https:\/\/eglisolles.fr\/#organization\"},\"potentialAction\":[{\"@type\":\"SearchAction\",\"target\":{\"@type\":\"EntryPoint\",\"urlTemplate\":\"https:\/\/eglisolles.fr\/?s={search_term_string}\"},\"query-input\":{\"@type\":\"PropertyValueSpecification\",\"valueRequired\":true,\"valueName\":\"search_term_string\"}}],\"inLanguage\":\"fr-FR\"},{\"@type\":\"Organization\",\"@id\":\"https:\/\/eglisolles.fr\/#organization\",\"name\":\"Eglisolles\",\"url\":\"https:\/\/eglisolles.fr\/\",\"logo\":{\"@type\":\"ImageObject\",\"inLanguage\":\"fr-FR\",\"@id\":\"https:\/\/eglisolles.fr\/#\/schema\/logo\/image\/\",\"url\":\"https:\/\/eglisolles.fr\/wp-content\/uploads\/2021\/07\/cropped-logo_eglisolles_mairie_transp_5.png\",\"contentUrl\":\"https:\/\/eglisolles.fr\/wp-content\/uploads\/2021\/07\/cropped-logo_eglisolles_mairie_transp_5.png\",\"width\":428,\"height\":100,\"caption\":\"Eglisolles\"},\"image\":{\"@id\":\"https:\/\/eglisolles.fr\/#\/schema\/logo\/image\/\"},\"sameAs\":[\"https:\/\/www.facebook.com\/municipalite.deglisolles.1\"]}]}<\/script>\n<!-- \/ Yoast SEO plugin. -->","yoast_head_json":{"title":"Espace France services - Eglisolles","robots":{"index":"index","follow":"follow","max-snippet":"max-snippet:-1","max-image-preview":"max-image-preview:large","max-video-preview":"max-video-preview:-1"},"canonical":"https:\/\/eglisolles.fr\/index.php\/espace-france-services\/","og_locale":"fr_FR","og_type":"article","og_title":"Espace France services - Eglisolles","og_description":"Services propos\u00e9s : Accompagnement aux usages num\u00e9riques et\/ou aux d\u00e9marches administratives Services num\u00e9riques et\/ou de m\u00e9diation disponibles : Ateliers d&rsquo;initiation num\u00e9rique et libre acc\u00e8s \u00e0 internet\/WifiServices num\u00e9riques et\/ou de m\u00e9diation aupr\u00e8s des partenaires suivants : ADIL, ANTS, CAF, CARSAT, CDAD, CESU, CIDFF, CPAM, MSA, Imp\u00f4ts, La Poste, P\u00f4le Emploi, ? [&hellip;]","og_url":"https:\/\/eglisolles.fr\/index.php\/espace-france-services\/","og_site_name":"Eglisolles","article_publisher":"https:\/\/www.facebook.com\/municipalite.deglisolles.1","article_modified_time":"2022-02-22T20:15:10+00:00","twitter_card":"summary_large_image","twitter_misc":{"Dur\u00e9e de lecture estim\u00e9e":"1 minute"},"schema":{"@context":"https:\/\/schema.org","@graph":[{"@type":"WebPage","@id":"https:\/\/eglisolles.fr\/index.php\/espace-france-services\/","url":"https:\/\/eglisolles.fr\/index.php\/espace-france-services\/","name":"Espace France services - Eglisolles","isPartOf":{"@id":"https:\/\/eglisolles.fr\/#website"},"datePublished":"2022-02-22T20:15:09+00:00","dateModified":"2022-02-22T20:15:10+00:00","breadcrumb":{"@id":"https:\/\/eglisolles.fr\/index.php\/espace-france-services\/#breadcrumb"},"inLanguage":"fr-FR","potentialAction":[{"@type":"ReadAction","target":["https:\/\/eglisolles.fr\/index.php\/espace-france-services\/"]}]},{"@type":"BreadcrumbList","@id":"https:\/\/eglisolles.fr\/index.php\/espace-france-services\/#breadcrumb","itemListElement":[{"@type":"ListItem","position":1,"name":"Accueil","item":"https:\/\/eglisolles.fr\/"},{"@type":"ListItem","position":2,"name":"Espace France services"}]},{"@type":"WebSite","@id":"https:\/\/eglisolles.fr\/#website","url":"https:\/\/eglisolles.fr\/","name":"Eglisolles","description":"Site de la Commune","publisher":{"@id":"https:\/\/eglisolles.fr\/#organization"},"potentialAction":[{"@type":"SearchAction","target":{"@type":"EntryPoint","urlTemplate":"https:\/\/eglisolles.fr\/?s={search_term_string}"},"query-input":{"@type":"PropertyValueSpecification","valueRequired":true,"valueName":"search_term_string"}}],"inLanguage":"fr-FR"},{"@type":"Organization","@id":"https:\/\/eglisolles.fr\/#organization","name":"Eglisolles","url":"https:\/\/eglisolles.fr\/","logo":{"@type":"ImageObject","inLanguage":"fr-FR","@id":"https:\/\/eglisolles.fr\/#\/schema\/logo\/image\/","url":"https:\/\/eglisolles.fr\/wp-content\/uploads\/2021\/07\/cropped-logo_eglisolles_mairie_transp_5.png","contentUrl":"https:\/\/eglisolles.fr\/wp-content\/uploads\/2021\/07\/cropped-logo_eglisolles_mairie_transp_5.png","width":428,"height":100,"caption":"Eglisolles"},"image":{"@id":"https:\/\/eglisolles.fr\/#\/schema\/logo\/image\/"},"sameAs":["https:\/\/www.facebook.com\/municipalite.deglisolles.1"]}]}},"_links":{"self":[{"href":"https:\/\/eglisolles.fr\/index.php\/wp-json\/wp\/v2\/pages\/2116","targetHints":{"allow":["GET"]}}],"collection":[{"href":"https:\/\/eglisolles.fr\/index.php\/wp-json\/wp\/v2\/pages"}],"about":[{"href":"https:\/\/eglisolles.fr\/index.php\/wp-json\/wp\/v2\/types\/page"}],"author":[{"embeddable":true,"href":"https:\/\/eglisolles.fr\/index.php\/wp-json\/wp\/v2\/users\/1"}],"replies":[{"embeddable":true,"href":"https:\/\/eglisolles.fr\/index.php\/wp-json\/wp\/v2\/comments?post=2116"}],"version-history":[{"count":1,"href":"https:\/\/eglisolles.fr\/index.php\/wp-json\/wp\/v2\/pages\/2116\/revisions"}],"predecessor-version":[{"id":2117,"href":"https:\/\/eglisolles.fr\/index.php\/wp-json\/wp\/v2\/pages\/2116\/revisions\/2117"}],"wp:attachment":[{"href":"https:\/\/eglisolles.fr\/index.php\/wp-json\/wp\/v2\/media?parent=2116"}],"curies":[{"name":"wp","href":"https:\/\/api.w.org\/{rel}","templated":true}]}}