{"id":1308,"date":"2021-06-15T11:54:05","date_gmt":"2021-06-15T09:54:05","guid":{"rendered":"https:\/\/wp-mairie.web-alain.com\/?page_id=1308"},"modified":"2022-03-03T17:49:43","modified_gmt":"2022-03-03T16:49:43","slug":"le-conseil-municipal","status":"publish","type":"page","link":"https:\/\/eglisolles.fr\/index.php\/le-conseil-municipal\/","title":{"rendered":"Le conseil municipal"},"content":{"rendered":"\n<div class=\"wp-block-themeisle-blocks-advanced-columns has-1-columns has-desktop-equal-layout has-tablet-equal-layout has-mobile-equal-layout has-default-gap has-vertical-unset\" id=\"wp-block-themeisle-blocks-advanced-columns-a6c8e811\"><div class=\"wp-block-themeisle-blocks-advanced-columns-overlay\"><\/div><div class=\"innerblocks-wrap\">\n<div class=\"wp-block-themeisle-blocks-advanced-column\" id=\"wp-block-themeisle-blocks-advanced-column-29ba868b\"><\/div>\n<\/div><\/div>\n\n\n\n<div class=\"wp-block-media-text alignwide is-stacked-on-mobile\" style=\"grid-template-columns:29% auto\"><figure class=\"wp-block-media-text__media\"><img loading=\"lazy\" decoding=\"async\" width=\"443\" height=\"332\" src=\"https:\/\/eglisolles.fr\/wp-content\/uploads\/2022\/03\/photo-jl-maire.jpg\" alt=\"\" class=\"wp-image-2163 size-full\" srcset=\"https:\/\/eglisolles.fr\/wp-content\/uploads\/2022\/03\/photo-jl-maire.jpg 443w, https:\/\/eglisolles.fr\/wp-content\/uploads\/2022\/03\/photo-jl-maire-300x225.jpg 300w\" sizes=\"auto, (max-width: 443px) 100vw, 443px\" \/><\/figure><div class=\"wp-block-media-text__content\">\n<p class=\"has-medium-font-size\"><strong>Le maire d&rsquo;\u00c9glisolles :<\/strong><\/p>\n\n\n\n<p class=\"has-medium-font-size\"><strong>Monsieur Jean-Luc VIALLARD<\/strong> <\/p>\n\n\n\n<p class=\"has-medium-font-size\">pour un mandat de 6 ans (2020-2026).<\/p>\n<\/div><\/div>\n\n\n\n<p><br>Le conseil municipal d&rsquo;\u00c9glisolles est constitu\u00e9 d&rsquo;un maire, 3 adjoints et 7 conseillers municipaux (8 hommes et 3 femmes). <\/p>\n\n\n\n<h4 class=\"wp-block-heading\">Les adjoints et leurs d\u00e9l\u00e9gations:<\/h4>\n\n\n\n<div class=\"wp-block-image\"><figure class=\"alignleft size-full is-resized\"><img loading=\"lazy\" decoding=\"async\" src=\"https:\/\/eglisolles.fr\/wp-content\/uploads\/2022\/03\/didier_Maitrias.jpg\" alt=\"\" class=\"wp-image-2134\" width=\"252\" height=\"189\" srcset=\"https:\/\/eglisolles.fr\/wp-content\/uploads\/2022\/03\/didier_Maitrias.jpg 432w, https:\/\/eglisolles.fr\/wp-content\/uploads\/2022\/03\/didier_Maitrias-300x225.jpg 300w\" sizes=\"auto, (max-width: 252px) 100vw, 252px\" \/><\/figure><\/div>\n\n\n\n<p><\/p>\n\n\n\n<p><strong>Didier Maitrias, 1er adjoint;<\/strong><\/p>\n\n\n\n<div class=\"wp-block-group\"><div class=\"wp-block-group__inner-container is-layout-flow wp-block-group-is-layout-flow\">\n<p>* Assiste et remplace le Maire pour tous les domaines d&rsquo;activit\u00e9s de la Commune en cas d&rsquo;absence ou d&#8217;emp\u00eachement;<br>* D\u00e9l\u00e9gu\u00e9 suppl\u00e9ant \u00e0 la Communaut\u00e9 de Communes Ambert Livradois Forez (ALF);<br>* Gestion administrative et comptable du personnel communal (\u00e9valuations; cong\u00e9s; avancement&#8230;);<br>* Gestion administrative et comptable de l&rsquo;\u00e9cole et de la cantine (personnels; moyens; fonctionnement; relations avec les autres Communes du RPI&#8230;);<br>* Gestion et organisation des f\u00eates et c\u00e9r\u00e9monies (dont feux d&rsquo;artifices);<br>* Gestion de la salle des f\u00eates et petite salle communale;<br>* Charg\u00e9 des relations avec les associations communales et la paroisse;<br>* Gestion de la communication de la Commune ( journal Communal);<br>* D\u00e9l\u00e9gu\u00e9 enfance et jeunesse (r\u00e9f\u00e9rent de la maison de l&rsquo;enfance);<br>* D\u00e9l\u00e9gation de signature \u00e0 hauteur de 1000\u20ac pour les fonctions d\u00e9l\u00e9gu\u00e9es dans le respect du budget;<br>* D\u00e9l\u00e9gation de signature dans le respect du budget en l&rsquo;absence du Maire pour tous documents administratifs et comptables (budgets, mandats, titres, bordereaux, certificats comptables&#8230;) ainsi que tous les actes administratifs relatifs \u00e0 la gestion du personnel.<br>* L\u00e9galiser les signatures, authentifier les copies, d\u00e9livrer tous certificats et signer tous les documents n\u00e9cessaires y compris comptables.<\/p>\n\n\n\n<div class=\"wp-block-image\"><figure class=\"alignleft size-full is-resized\"><img loading=\"lazy\" decoding=\"async\" src=\"https:\/\/eglisolles.fr\/wp-content\/uploads\/2022\/03\/herve_Beraud.jpg\" alt=\"\" class=\"wp-image-2136\" width=\"244\" height=\"183\" srcset=\"https:\/\/eglisolles.fr\/wp-content\/uploads\/2022\/03\/herve_Beraud.jpg 491w, https:\/\/eglisolles.fr\/wp-content\/uploads\/2022\/03\/herve_Beraud-300x225.jpg 300w\" sizes=\"auto, (max-width: 244px) 100vw, 244px\" \/><\/figure><\/div>\n\n\n\n<p><\/p>\n\n\n\n<p><strong>Herv\u00e9 B\u00e9raud, 2 \u00e8me Adjoint;<\/strong><\/p>\n\n\n\n<p>* Gestion et planification des activit\u00e9s du Personnel d&rsquo;entretien, des travaux en r\u00e9gie, de l&rsquo;entretien de la voirie, des b\u00e2timents et du cimeti\u00e8re ( participe aux \u00e9valuations des ouvriers d&rsquo;entretien).<br>* Gestion du mat\u00e9riel communal (entretien, renouvellement, pr\u00eat&#8230;).<br>* Gestion et organisation du d\u00e9neigement.<br>* Gestion de la production, de la distribution et des r\u00e9seaux d&rsquo;eau potable; suivi des consommations.<br>* Gestion de l&rsquo;assainissement, des r\u00e9seaux et de la station d&rsquo;\u00e9puration;<br>* Gestion des biens de section (Coupes, relations avec l&rsquo;ONF et les membres de sections).<br>* R\u00e9f\u00e9rents des travaux forestiers priv\u00e9s sur le territoire de la Commune.<br>* D\u00e9l\u00e9gu\u00e9 Communal au SIEG et gestion de l&rsquo;\u00e9clairage public.<br>* D\u00e9l\u00e9gation de signature \u00e0 hauteur de 1000\u20ac pour les fonctions d\u00e9l\u00e9gu\u00e9es dans le respect du budget;<br>* D\u00e9l\u00e9gation de signature dans le respect du budget en l&rsquo;absence du Maire pour tous documents administratifs et comptables (budgets, mandats, titres, bordereaux, certificats comptables).<\/p>\n\n\n\n<div class=\"wp-block-image\"><figure class=\"alignleft size-full is-resized\"><img loading=\"lazy\" decoding=\"async\" src=\"https:\/\/eglisolles.fr\/wp-content\/uploads\/2022\/03\/christina_Batisson.jpg\" alt=\"\" class=\"wp-image-2138\" width=\"243\" height=\"182\" srcset=\"https:\/\/eglisolles.fr\/wp-content\/uploads\/2022\/03\/christina_Batisson.jpg 481w, https:\/\/eglisolles.fr\/wp-content\/uploads\/2022\/03\/christina_Batisson-300x225.jpg 300w\" sizes=\"auto, (max-width: 243px) 100vw, 243px\" \/><\/figure><\/div>\n\n\n\n<p><\/p>\n\n\n\n<p><strong>Christine Batisson, 3 \u00e8me Adjointe;<\/strong><\/p>\n\n\n\n<p>* D\u00e9l\u00e9gu\u00e9e au Parc Naturel R\u00e9gional Livradois-Forez;(\u00e9lue au conseil du Parc)<br>* R\u00e9f\u00e9rente Communale, charg\u00e9e de l&rsquo;action sociale et des Personnes \u00c2g\u00e9es;<br>* Gestion et organisation des recensements de la population;<br>* Gestion et organisation de l&rsquo;archivage des documents administratifs;<br>* Gestion et organisation du fleurissement de la Commune;<br>* R\u00e9f\u00e9rente communale de la gestion des ordures m\u00e9nag\u00e8res;<br>* Gestion de la communication de la Commune ( r\u00e9seaux sociaux);<br>* R\u00e9f\u00e9rente hygi\u00e8ne et s\u00e9curit\u00e9 de la Commune avec suivi du \u00a0\u00bb Document Unique\u00a0\u00bb;<br>* D\u00e9l\u00e9gation de signature \u00e0 hauteur de 1000\u20ac pour les fonctions d\u00e9l\u00e9gu\u00e9es dans le respect du budget.<\/p>\n<\/div><\/div>\n\n\n\n<h4 class=\"wp-block-heading\">Conseillers municipaux<\/h4>\n\n\n\n<figure class=\"wp-block-gallery has-nested-images columns-default is-cropped wp-block-gallery-1 is-layout-flex wp-block-gallery-is-layout-flex\">\n<figure class=\"wp-block-image size-large\"><img loading=\"lazy\" decoding=\"async\" width=\"462\" height=\"346\" data-id=\"2147\" src=\"https:\/\/eglisolles.fr\/wp-content\/uploads\/2022\/03\/monique_tixier.jpg\" alt=\"\" class=\"wp-image-2147\" srcset=\"https:\/\/eglisolles.fr\/wp-content\/uploads\/2022\/03\/monique_tixier.jpg 462w, https:\/\/eglisolles.fr\/wp-content\/uploads\/2022\/03\/monique_tixier-300x225.jpg 300w\" sizes=\"auto, (max-width: 462px) 100vw, 462px\" \/><figcaption><strong>Monique TIXIER<\/strong><br>Pr\u00e9sidente du SIVOM de la vall\u00e9e de l&rsquo;Ance<\/figcaption><\/figure>\n\n\n\n<figure class=\"wp-block-image size-large\"><img loading=\"lazy\" decoding=\"async\" width=\"460\" height=\"345\" data-id=\"2146\" src=\"https:\/\/eglisolles.fr\/wp-content\/uploads\/2022\/03\/robert_bichelonne-1.jpg\" alt=\"\" class=\"wp-image-2146\" srcset=\"https:\/\/eglisolles.fr\/wp-content\/uploads\/2022\/03\/robert_bichelonne-1.jpg 460w, https:\/\/eglisolles.fr\/wp-content\/uploads\/2022\/03\/robert_bichelonne-1-300x225.jpg 300w\" sizes=\"auto, (max-width: 460px) 100vw, 460px\" \/><figcaption><strong>Robert BICHELONNE<\/strong><\/figcaption><\/figure>\n\n\n\n<figure class=\"wp-block-image size-large\"><img loading=\"lazy\" decoding=\"async\" width=\"457\" height=\"343\" data-id=\"2144\" src=\"https:\/\/eglisolles.fr\/wp-content\/uploads\/2022\/03\/gerard_breuil.jpg\" alt=\"\" class=\"wp-image-2144\" srcset=\"https:\/\/eglisolles.fr\/wp-content\/uploads\/2022\/03\/gerard_breuil.jpg 457w, https:\/\/eglisolles.fr\/wp-content\/uploads\/2022\/03\/gerard_breuil-300x225.jpg 300w\" sizes=\"auto, (max-width: 457px) 100vw, 457px\" \/><figcaption><strong>G\u00e9rard BREUIL<\/strong><\/figcaption><\/figure>\n\n\n\n<figure class=\"wp-block-image size-large\"><img loading=\"lazy\" decoding=\"async\" width=\"468\" height=\"351\" data-id=\"2142\" src=\"https:\/\/eglisolles.fr\/wp-content\/uploads\/2022\/03\/christophe_Varagnat.jpg\" alt=\"\" class=\"wp-image-2142\" srcset=\"https:\/\/eglisolles.fr\/wp-content\/uploads\/2022\/03\/christophe_Varagnat.jpg 468w, https:\/\/eglisolles.fr\/wp-content\/uploads\/2022\/03\/christophe_Varagnat-300x225.jpg 300w\" sizes=\"auto, (max-width: 468px) 100vw, 468px\" \/><figcaption><strong>Christophe VARAGNAT<\/strong><\/figcaption><\/figure>\n\n\n\n<figure class=\"wp-block-image size-large\"><img loading=\"lazy\" decoding=\"async\" width=\"470\" height=\"353\" data-id=\"2145\" src=\"https:\/\/eglisolles.fr\/wp-content\/uploads\/2022\/03\/Loic_Septier.jpg\" alt=\"\" class=\"wp-image-2145\" srcset=\"https:\/\/eglisolles.fr\/wp-content\/uploads\/2022\/03\/Loic_Septier.jpg 470w, https:\/\/eglisolles.fr\/wp-content\/uploads\/2022\/03\/Loic_Septier-300x225.jpg 300w\" sizes=\"auto, (max-width: 470px) 100vw, 470px\" \/><figcaption><strong>Lo\u00efc SEPTIER<\/strong><\/figcaption><\/figure>\n\n\n\n<figure class=\"wp-block-image size-large\"><img loading=\"lazy\" decoding=\"async\" width=\"495\" height=\"371\" data-id=\"2141\" src=\"https:\/\/eglisolles.fr\/wp-content\/uploads\/2022\/03\/Carine_Cochard.jpg\" alt=\"\" class=\"wp-image-2141\" srcset=\"https:\/\/eglisolles.fr\/wp-content\/uploads\/2022\/03\/Carine_Cochard.jpg 495w, https:\/\/eglisolles.fr\/wp-content\/uploads\/2022\/03\/Carine_Cochard-300x225.jpg 300w\" sizes=\"auto, (max-width: 495px) 100vw, 495px\" \/><figcaption><strong>Corine COCHARD<\/strong><\/figcaption><\/figure>\n<\/figure>\n\n\n\n<figure class=\"wp-block-image size-full is-resized\"><img loading=\"lazy\" decoding=\"async\" src=\"https:\/\/eglisolles.fr\/wp-content\/uploads\/2022\/03\/Leonard_Chauvergne.jpg\" alt=\"\" class=\"wp-image-2143\" width=\"250\" height=\"188\" srcset=\"https:\/\/eglisolles.fr\/wp-content\/uploads\/2022\/03\/Leonard_Chauvergne.jpg 488w, https:\/\/eglisolles.fr\/wp-content\/uploads\/2022\/03\/Leonard_Chauvergne-300x225.jpg 300w\" sizes=\"auto, (max-width: 250px) 100vw, 250px\" \/><figcaption><strong>L\u00e9onard CHAUVERGNE<\/strong><\/figcaption><\/figure>\n\n\n\n<h4 class=\"has-medium-font-size wp-block-heading\"><strong>Les commissions Communales:<\/strong><\/h4>\n\n\n\n<p><strong>Budget:<br><\/strong>* VIALLARD Jean-Luc, Maire; (responsable);<br>* MAITRIAS Didier, 1er Adjoint;<br>* BERAUD Herv\u00e9, 2\u00e8me Adjoint;<br>* BATISSON Christine, 3\u00e8me Adjointe.<\/p>\n\n\n\n<p><strong>Ecole-enfance-jeunesse:<br><\/strong>* MAITRIAS Didier, 1er Adjoint; (responsable);<br>* BATISSON Christine, 3\u00e8me Adjointe;<br>* CHAUVERGNE Jean-L\u00e9onard;<br>* COCHARD Carine;<br>* TIXIER Monique.<\/p>\n\n\n\n<p><strong>Voirie-b\u00e2timents-cimeti\u00e8re:<br><\/strong>* VIALLARD Jean-Luc, Maire;(responsable);<br>* BERAUD Herv\u00e9, 2\u00e8me Adjoint;<br>* MAITRIAS Didier, 1er Adjoint;<br>* SEPTIER Lo\u00efck;<br>* VARAGNAT Christophe.<\/p>\n\n\n\n<p><strong>Eau potable-assainissement:<br><\/strong>* BERAUD Herv\u00e9, 2\u00e8me Adjoint;(responsable);<br>* BICHELONNE Robert;<br>* MAITRIAS Didier, 1er Adjoint;<br>* SEPTIER Lo\u00efck;<br>* VIALLARD Jean-Luc, Maire.<\/p>\n\n\n\n<p><strong>Ev\u00e8nements festifs-culturels-communication-associations:<br><\/strong>* MAITRIAS Didier, 1er Adjoint; (responsable);<br>* BICHELONNE Robert;<br>* CHAUVERGNE Jean-L\u00e9onard;<br>* COCHARD Carine;<br>* VARAGNAT Christophe.<\/p>\n\n\n\n<p><strong>Urbanisme et am\u00e9nagement:<br><\/strong>* VIALLARD Jean-Luc, Maire;(responsable);<br>* BATISSON Christine, 3\u00e8me Adjointe;<br>* BERAUD Herv\u00e9, 2\u00e8me Adjoint;<br>* MAITRIAS Didier, 1er Adjoint;<br>* TIXIER Monique.<\/p>\n\n\n\n<p><strong>Agricole-boisement et syndicat paragr\u00eale:<br><\/strong>* BERAUD Herv\u00e9, 2\u00e8me Adjoint;(responsable);<br>* BREUIL G\u00e9rard;<br>* TIXIER Monique.<\/p>\n\n\n\n<p><strong>Fleurissement et am\u00e9nagement du Bourg:<br><\/strong>* MAITRIAS Didier, 1er Adjoint; (responsable);<br>* BICHELONNE Robert;<br>* CHAUVERGNE Jean-L\u00e9onard;<br>* BATISSON Christine, 3\u00e8me Adjointe;<br>* VARAGNAT Christophe.<\/p>\n","protected":false},"excerpt":{"rendered":"<p>Le maire d&rsquo;\u00c9glisolles : Monsieur Jean-Luc VIALLARD pour un mandat de 6 ans (2020-2026). Le conseil municipal d&rsquo;\u00c9glisolles est constitu\u00e9 d&rsquo;un maire, 3 adjoints et 7 conseillers municipaux (8 hommes et 3 femmes). Les adjoints et leurs d\u00e9l\u00e9gations: Didier Maitrias, 1er adjoint; * Assiste et remplace le Maire pour tous [&hellip;]<\/p>\n","protected":false},"author":1,"featured_media":0,"parent":0,"menu_order":0,"comment_status":"closed","ping_status":"closed","template":"","meta":{"footnotes":""},"class_list":["post-1308","page","type-page","status-publish","hentry"],"yoast_head":"<!-- This site is optimized with the Yoast SEO plugin v27.4 - https:\/\/yoast.com\/product\/yoast-seo-wordpress\/ -->\n<title>Le conseil municipal - Eglisolles<\/title>\n<meta name=\"description\" content=\"Composition du conseil Municipal. Les adjoints et leurs d\u00e9l\u00e9gations. Conseils municipaux.\" \/>\n<meta name=\"robots\" content=\"index, follow, max-snippet:-1, max-image-preview:large, max-video-preview:-1\" \/>\n<link rel=\"canonical\" href=\"https:\/\/eglisolles.fr\/index.php\/le-conseil-municipal\/\" \/>\n<meta property=\"og:locale\" content=\"fr_FR\" \/>\n<meta property=\"og:type\" content=\"article\" \/>\n<meta property=\"og:title\" content=\"Le conseil municipal - Eglisolles\" \/>\n<meta property=\"og:description\" content=\"Composition du conseil Municipal. Les adjoints et leurs d\u00e9l\u00e9gations. Conseils municipaux.\" \/>\n<meta property=\"og:url\" content=\"https:\/\/eglisolles.fr\/index.php\/le-conseil-municipal\/\" \/>\n<meta property=\"og:site_name\" content=\"Eglisolles\" \/>\n<meta property=\"article:publisher\" content=\"https:\/\/www.facebook.com\/municipalite.deglisolles.1\" \/>\n<meta property=\"article:modified_time\" content=\"2022-03-03T16:49:43+00:00\" \/>\n<meta property=\"og:image\" content=\"https:\/\/eglisolles.fr\/wp-content\/uploads\/2022\/03\/photo-jl-maire.jpg\" \/>\n<meta name=\"twitter:card\" content=\"summary_large_image\" \/>\n<meta name=\"twitter:label1\" content=\"Dur\u00e9e de lecture estim\u00e9e\" \/>\n\t<meta name=\"twitter:data1\" content=\"6 minutes\" \/>\n<script type=\"application\/ld+json\" class=\"yoast-schema-graph\">{\"@context\":\"https:\\\/\\\/schema.org\",\"@graph\":[{\"@type\":\"WebPage\",\"@id\":\"https:\\\/\\\/eglisolles.fr\\\/index.php\\\/le-conseil-municipal\\\/\",\"url\":\"https:\\\/\\\/eglisolles.fr\\\/index.php\\\/le-conseil-municipal\\\/\",\"name\":\"Le conseil municipal - Eglisolles\",\"isPartOf\":{\"@id\":\"https:\\\/\\\/eglisolles.fr\\\/#website\"},\"primaryImageOfPage\":{\"@id\":\"https:\\\/\\\/eglisolles.fr\\\/index.php\\\/le-conseil-municipal\\\/#primaryimage\"},\"image\":{\"@id\":\"https:\\\/\\\/eglisolles.fr\\\/index.php\\\/le-conseil-municipal\\\/#primaryimage\"},\"thumbnailUrl\":\"https:\\\/\\\/eglisolles.fr\\\/wp-content\\\/uploads\\\/2022\\\/03\\\/photo-jl-maire.jpg\",\"datePublished\":\"2021-06-15T09:54:05+00:00\",\"dateModified\":\"2022-03-03T16:49:43+00:00\",\"description\":\"Composition du conseil Municipal. Les adjoints et leurs d\u00e9l\u00e9gations. Conseils municipaux.\",\"breadcrumb\":{\"@id\":\"https:\\\/\\\/eglisolles.fr\\\/index.php\\\/le-conseil-municipal\\\/#breadcrumb\"},\"inLanguage\":\"fr-FR\",\"potentialAction\":[{\"@type\":\"ReadAction\",\"target\":[\"https:\\\/\\\/eglisolles.fr\\\/index.php\\\/le-conseil-municipal\\\/\"]}]},{\"@type\":\"ImageObject\",\"inLanguage\":\"fr-FR\",\"@id\":\"https:\\\/\\\/eglisolles.fr\\\/index.php\\\/le-conseil-municipal\\\/#primaryimage\",\"url\":\"https:\\\/\\\/eglisolles.fr\\\/wp-content\\\/uploads\\\/2022\\\/03\\\/photo-jl-maire.jpg\",\"contentUrl\":\"https:\\\/\\\/eglisolles.fr\\\/wp-content\\\/uploads\\\/2022\\\/03\\\/photo-jl-maire.jpg\",\"width\":443,\"height\":332},{\"@type\":\"BreadcrumbList\",\"@id\":\"https:\\\/\\\/eglisolles.fr\\\/index.php\\\/le-conseil-municipal\\\/#breadcrumb\",\"itemListElement\":[{\"@type\":\"ListItem\",\"position\":1,\"name\":\"Accueil\",\"item\":\"https:\\\/\\\/eglisolles.fr\\\/\"},{\"@type\":\"ListItem\",\"position\":2,\"name\":\"Le conseil municipal\"}]},{\"@type\":\"WebSite\",\"@id\":\"https:\\\/\\\/eglisolles.fr\\\/#website\",\"url\":\"https:\\\/\\\/eglisolles.fr\\\/\",\"name\":\"Eglisolles\",\"description\":\"Site de la Commune\",\"publisher\":{\"@id\":\"https:\\\/\\\/eglisolles.fr\\\/#organization\"},\"potentialAction\":[{\"@type\":\"SearchAction\",\"target\":{\"@type\":\"EntryPoint\",\"urlTemplate\":\"https:\\\/\\\/eglisolles.fr\\\/?s={search_term_string}\"},\"query-input\":{\"@type\":\"PropertyValueSpecification\",\"valueRequired\":true,\"valueName\":\"search_term_string\"}}],\"inLanguage\":\"fr-FR\"},{\"@type\":\"Organization\",\"@id\":\"https:\\\/\\\/eglisolles.fr\\\/#organization\",\"name\":\"Eglisolles\",\"url\":\"https:\\\/\\\/eglisolles.fr\\\/\",\"logo\":{\"@type\":\"ImageObject\",\"inLanguage\":\"fr-FR\",\"@id\":\"https:\\\/\\\/eglisolles.fr\\\/#\\\/schema\\\/logo\\\/image\\\/\",\"url\":\"https:\\\/\\\/eglisolles.fr\\\/wp-content\\\/uploads\\\/2021\\\/07\\\/cropped-logo_eglisolles_mairie_transp_5.png\",\"contentUrl\":\"https:\\\/\\\/eglisolles.fr\\\/wp-content\\\/uploads\\\/2021\\\/07\\\/cropped-logo_eglisolles_mairie_transp_5.png\",\"width\":428,\"height\":100,\"caption\":\"Eglisolles\"},\"image\":{\"@id\":\"https:\\\/\\\/eglisolles.fr\\\/#\\\/schema\\\/logo\\\/image\\\/\"},\"sameAs\":[\"https:\\\/\\\/www.facebook.com\\\/municipalite.deglisolles.1\"]}]}<\/script>\n<!-- \/ Yoast SEO plugin. -->","yoast_head_json":{"title":"Le conseil municipal - Eglisolles","description":"Composition du conseil Municipal. Les adjoints et leurs d\u00e9l\u00e9gations. Conseils municipaux.","robots":{"index":"index","follow":"follow","max-snippet":"max-snippet:-1","max-image-preview":"max-image-preview:large","max-video-preview":"max-video-preview:-1"},"canonical":"https:\/\/eglisolles.fr\/index.php\/le-conseil-municipal\/","og_locale":"fr_FR","og_type":"article","og_title":"Le conseil municipal - Eglisolles","og_description":"Composition du conseil Municipal. Les adjoints et leurs d\u00e9l\u00e9gations. Conseils municipaux.","og_url":"https:\/\/eglisolles.fr\/index.php\/le-conseil-municipal\/","og_site_name":"Eglisolles","article_publisher":"https:\/\/www.facebook.com\/municipalite.deglisolles.1","article_modified_time":"2022-03-03T16:49:43+00:00","og_image":[{"url":"https:\/\/eglisolles.fr\/wp-content\/uploads\/2022\/03\/photo-jl-maire.jpg","type":"","width":"","height":""}],"twitter_card":"summary_large_image","twitter_misc":{"Dur\u00e9e de lecture estim\u00e9e":"6 minutes"},"schema":{"@context":"https:\/\/schema.org","@graph":[{"@type":"WebPage","@id":"https:\/\/eglisolles.fr\/index.php\/le-conseil-municipal\/","url":"https:\/\/eglisolles.fr\/index.php\/le-conseil-municipal\/","name":"Le conseil municipal - Eglisolles","isPartOf":{"@id":"https:\/\/eglisolles.fr\/#website"},"primaryImageOfPage":{"@id":"https:\/\/eglisolles.fr\/index.php\/le-conseil-municipal\/#primaryimage"},"image":{"@id":"https:\/\/eglisolles.fr\/index.php\/le-conseil-municipal\/#primaryimage"},"thumbnailUrl":"https:\/\/eglisolles.fr\/wp-content\/uploads\/2022\/03\/photo-jl-maire.jpg","datePublished":"2021-06-15T09:54:05+00:00","dateModified":"2022-03-03T16:49:43+00:00","description":"Composition du conseil Municipal. Les adjoints et leurs d\u00e9l\u00e9gations. Conseils municipaux.","breadcrumb":{"@id":"https:\/\/eglisolles.fr\/index.php\/le-conseil-municipal\/#breadcrumb"},"inLanguage":"fr-FR","potentialAction":[{"@type":"ReadAction","target":["https:\/\/eglisolles.fr\/index.php\/le-conseil-municipal\/"]}]},{"@type":"ImageObject","inLanguage":"fr-FR","@id":"https:\/\/eglisolles.fr\/index.php\/le-conseil-municipal\/#primaryimage","url":"https:\/\/eglisolles.fr\/wp-content\/uploads\/2022\/03\/photo-jl-maire.jpg","contentUrl":"https:\/\/eglisolles.fr\/wp-content\/uploads\/2022\/03\/photo-jl-maire.jpg","width":443,"height":332},{"@type":"BreadcrumbList","@id":"https:\/\/eglisolles.fr\/index.php\/le-conseil-municipal\/#breadcrumb","itemListElement":[{"@type":"ListItem","position":1,"name":"Accueil","item":"https:\/\/eglisolles.fr\/"},{"@type":"ListItem","position":2,"name":"Le conseil municipal"}]},{"@type":"WebSite","@id":"https:\/\/eglisolles.fr\/#website","url":"https:\/\/eglisolles.fr\/","name":"Eglisolles","description":"Site de la Commune","publisher":{"@id":"https:\/\/eglisolles.fr\/#organization"},"potentialAction":[{"@type":"SearchAction","target":{"@type":"EntryPoint","urlTemplate":"https:\/\/eglisolles.fr\/?s={search_term_string}"},"query-input":{"@type":"PropertyValueSpecification","valueRequired":true,"valueName":"search_term_string"}}],"inLanguage":"fr-FR"},{"@type":"Organization","@id":"https:\/\/eglisolles.fr\/#organization","name":"Eglisolles","url":"https:\/\/eglisolles.fr\/","logo":{"@type":"ImageObject","inLanguage":"fr-FR","@id":"https:\/\/eglisolles.fr\/#\/schema\/logo\/image\/","url":"https:\/\/eglisolles.fr\/wp-content\/uploads\/2021\/07\/cropped-logo_eglisolles_mairie_transp_5.png","contentUrl":"https:\/\/eglisolles.fr\/wp-content\/uploads\/2021\/07\/cropped-logo_eglisolles_mairie_transp_5.png","width":428,"height":100,"caption":"Eglisolles"},"image":{"@id":"https:\/\/eglisolles.fr\/#\/schema\/logo\/image\/"},"sameAs":["https:\/\/www.facebook.com\/municipalite.deglisolles.1"]}]}},"_links":{"self":[{"href":"https:\/\/eglisolles.fr\/index.php\/wp-json\/wp\/v2\/pages\/1308","targetHints":{"allow":["GET"]}}],"collection":[{"href":"https:\/\/eglisolles.fr\/index.php\/wp-json\/wp\/v2\/pages"}],"about":[{"href":"https:\/\/eglisolles.fr\/index.php\/wp-json\/wp\/v2\/types\/page"}],"author":[{"embeddable":true,"href":"https:\/\/eglisolles.fr\/index.php\/wp-json\/wp\/v2\/users\/1"}],"replies":[{"embeddable":true,"href":"https:\/\/eglisolles.fr\/index.php\/wp-json\/wp\/v2\/comments?post=1308"}],"version-history":[{"count":8,"href":"https:\/\/eglisolles.fr\/index.php\/wp-json\/wp\/v2\/pages\/1308\/revisions"}],"predecessor-version":[{"id":2166,"href":"https:\/\/eglisolles.fr\/index.php\/wp-json\/wp\/v2\/pages\/1308\/revisions\/2166"}],"wp:attachment":[{"href":"https:\/\/eglisolles.fr\/index.php\/wp-json\/wp\/v2\/media?parent=1308"}],"curies":[{"name":"wp","href":"https:\/\/api.w.org\/{rel}","templated":true}]}}