{"id":1111,"date":"2021-05-18T08:22:26","date_gmt":"2021-05-18T06:22:26","guid":{"rendered":"https:\/\/wp-mairie.web-alain.com\/?page_id=1111"},"modified":"2025-09-14T15:14:23","modified_gmt":"2025-09-14T13:14:23","slug":"ecole","status":"publish","type":"page","link":"https:\/\/eglisolles.fr\/index.php\/ecole\/","title":{"rendered":"\u00c9coles"},"content":{"rendered":"\n<p>L\u2019\u00e9cole maternelle fait partie du regroupement p\u00e9dagogique intercommunal RPI entre les trois communes:<\/p>\n\n\n\n<p>Eglisolles<br>Viverols<br>Saillant<\/p>\n\n\n\n<p>Les classes sont r\u00e9parties sur ces communes en fonction de l&rsquo;\u00e2ge des enfants et des effectifs, c\u2019est \u00e0 Eglisolles que sont accueillis les petits (classes maternelles), l\u2019\u00e9cole est am\u00e9nag\u00e9e en ce sens (sanitaires adapt\u00e9s, dortoir, mobilier adapt\u00e9 aux petits \u2026..)<\/p>\n\n\n\n<p>Le ramassage scolaire est organis\u00e9 en fonction de cette r\u00e9partition.<br>Les transports scolaires sont g\u00e9r\u00e9s par la r\u00e9gion Rh\u00f4ne Alpes Auvergne depuis 2021. Auparavant cette comp\u00e9tence \u00e9tait exerc\u00e9e par le conseil d\u00e9partemental. C\u2019est la commune qui demande chaque ann\u00e9e les arr\u00eats de bus n\u00e9cessaires en fonction de la localisation des \u00e9l\u00e8ves.<\/p>\n\n\n\n<p><strong>La cantine:<\/strong><\/p>\n\n\n\n<p>Les \u00e9l\u00e8ves prennent leur repas \u00e0 la Maison de l\u2019enfance \u00e0 Eglisolles, dans les locaux refaits \u00e0 neuf .<br><img loading=\"lazy\" decoding=\"async\" width=\"150\" height=\"113\" src=\"https:\/\/eglisolles.fr\/wp-content\/uploads\/2021\/07\/DSCN0684-Small.jpg\" alt=\"\" srcset=\"https:\/\/eglisolles.fr\/wp-content\/uploads\/2021\/07\/DSCN0684-Small.jpg 640w, https:\/\/eglisolles.fr\/wp-content\/uploads\/2021\/07\/DSCN0684-Small-300x225.jpg 300w\"> La cuisine est r\u00e9alis\u00e9e sur place.<\/p>\n\n\n\n<p><strong>Coll\u00e8ge \u00e0 proximit\u00e9<\/strong>:<\/p>\n\n\n\n<p>Coll\u00e8ge du Val d\u2019Ance \u00e0 St Anth\u00e8me<\/p>\n","protected":false},"excerpt":{"rendered":"<p>L\u2019\u00e9cole maternelle fait partie du regroupement p\u00e9dagogique intercommunal RPI entre les trois communes: EglisollesViverolsSaillant Les classes sont r\u00e9parties sur ces communes en fonction de l&rsquo;\u00e2ge des enfants et des effectifs, c\u2019est \u00e0 Eglisolles que sont accueillis les petits (classes maternelles), l\u2019\u00e9cole est am\u00e9nag\u00e9e en ce sens (sanitaires adapt\u00e9s, dortoir, mobilier [&hellip;]<\/p>\n","protected":false},"author":1,"featured_media":0,"parent":0,"menu_order":0,"comment_status":"closed","ping_status":"closed","template":"","meta":{"footnotes":""},"class_list":["post-1111","page","type-page","status-publish","hentry"],"yoast_head":"<!-- This site is optimized with the Yoast SEO plugin v27.4 - https:\/\/yoast.com\/product\/yoast-seo-wordpress\/ -->\n<title>\u00c9coles - Eglisolles<\/title>\n<meta name=\"robots\" content=\"index, follow, max-snippet:-1, max-image-preview:large, max-video-preview:-1\" \/>\n<link rel=\"canonical\" href=\"https:\/\/eglisolles.fr\/index.php\/ecole\/\" \/>\n<meta property=\"og:locale\" content=\"fr_FR\" \/>\n<meta property=\"og:type\" content=\"article\" \/>\n<meta property=\"og:title\" content=\"\u00c9coles - Eglisolles\" \/>\n<meta property=\"og:description\" content=\"L\u2019\u00e9cole maternelle fait partie du regroupement p\u00e9dagogique intercommunal RPI entre les trois communes: EglisollesViverolsSaillant Les classes sont r\u00e9parties sur ces communes en fonction de l&rsquo;\u00e2ge des enfants et des effectifs, c\u2019est \u00e0 Eglisolles que sont accueillis les petits (classes maternelles), l\u2019\u00e9cole est am\u00e9nag\u00e9e en ce sens (sanitaires adapt\u00e9s, dortoir, mobilier [&hellip;]\" \/>\n<meta property=\"og:url\" content=\"https:\/\/eglisolles.fr\/index.php\/ecole\/\" \/>\n<meta property=\"og:site_name\" content=\"Eglisolles\" \/>\n<meta property=\"article:publisher\" content=\"https:\/\/www.facebook.com\/municipalite.deglisolles.1\" \/>\n<meta property=\"article:modified_time\" content=\"2025-09-14T13:14:23+00:00\" \/>\n<meta property=\"og:image\" content=\"https:\/\/eglisolles.fr\/wp-content\/uploads\/2021\/07\/DSCN0684-Small.jpg\" \/>\n<meta name=\"twitter:card\" content=\"summary_large_image\" \/>\n<meta name=\"twitter:label1\" content=\"Dur\u00e9e de lecture estim\u00e9e\" \/>\n\t<meta name=\"twitter:data1\" content=\"1 minute\" \/>\n<script type=\"application\/ld+json\" class=\"yoast-schema-graph\">{\"@context\":\"https:\\\/\\\/schema.org\",\"@graph\":[{\"@type\":\"WebPage\",\"@id\":\"https:\\\/\\\/eglisolles.fr\\\/index.php\\\/ecole\\\/\",\"url\":\"https:\\\/\\\/eglisolles.fr\\\/index.php\\\/ecole\\\/\",\"name\":\"\u00c9coles - Eglisolles\",\"isPartOf\":{\"@id\":\"https:\\\/\\\/eglisolles.fr\\\/#website\"},\"primaryImageOfPage\":{\"@id\":\"https:\\\/\\\/eglisolles.fr\\\/index.php\\\/ecole\\\/#primaryimage\"},\"image\":{\"@id\":\"https:\\\/\\\/eglisolles.fr\\\/index.php\\\/ecole\\\/#primaryimage\"},\"thumbnailUrl\":\"https:\\\/\\\/eglisolles.fr\\\/wp-content\\\/uploads\\\/2021\\\/07\\\/DSCN0684-Small.jpg\",\"datePublished\":\"2021-05-18T06:22:26+00:00\",\"dateModified\":\"2025-09-14T13:14:23+00:00\",\"breadcrumb\":{\"@id\":\"https:\\\/\\\/eglisolles.fr\\\/index.php\\\/ecole\\\/#breadcrumb\"},\"inLanguage\":\"fr-FR\",\"potentialAction\":[{\"@type\":\"ReadAction\",\"target\":[\"https:\\\/\\\/eglisolles.fr\\\/index.php\\\/ecole\\\/\"]}]},{\"@type\":\"ImageObject\",\"inLanguage\":\"fr-FR\",\"@id\":\"https:\\\/\\\/eglisolles.fr\\\/index.php\\\/ecole\\\/#primaryimage\",\"url\":\"https:\\\/\\\/eglisolles.fr\\\/wp-content\\\/uploads\\\/2021\\\/07\\\/DSCN0684-Small.jpg\",\"contentUrl\":\"https:\\\/\\\/eglisolles.fr\\\/wp-content\\\/uploads\\\/2021\\\/07\\\/DSCN0684-Small.jpg\",\"width\":640,\"height\":480},{\"@type\":\"BreadcrumbList\",\"@id\":\"https:\\\/\\\/eglisolles.fr\\\/index.php\\\/ecole\\\/#breadcrumb\",\"itemListElement\":[{\"@type\":\"ListItem\",\"position\":1,\"name\":\"Accueil\",\"item\":\"https:\\\/\\\/eglisolles.fr\\\/\"},{\"@type\":\"ListItem\",\"position\":2,\"name\":\"\u00c9coles\"}]},{\"@type\":\"WebSite\",\"@id\":\"https:\\\/\\\/eglisolles.fr\\\/#website\",\"url\":\"https:\\\/\\\/eglisolles.fr\\\/\",\"name\":\"Eglisolles\",\"description\":\"Site de la Commune\",\"publisher\":{\"@id\":\"https:\\\/\\\/eglisolles.fr\\\/#organization\"},\"potentialAction\":[{\"@type\":\"SearchAction\",\"target\":{\"@type\":\"EntryPoint\",\"urlTemplate\":\"https:\\\/\\\/eglisolles.fr\\\/?s={search_term_string}\"},\"query-input\":{\"@type\":\"PropertyValueSpecification\",\"valueRequired\":true,\"valueName\":\"search_term_string\"}}],\"inLanguage\":\"fr-FR\"},{\"@type\":\"Organization\",\"@id\":\"https:\\\/\\\/eglisolles.fr\\\/#organization\",\"name\":\"Eglisolles\",\"url\":\"https:\\\/\\\/eglisolles.fr\\\/\",\"logo\":{\"@type\":\"ImageObject\",\"inLanguage\":\"fr-FR\",\"@id\":\"https:\\\/\\\/eglisolles.fr\\\/#\\\/schema\\\/logo\\\/image\\\/\",\"url\":\"https:\\\/\\\/eglisolles.fr\\\/wp-content\\\/uploads\\\/2021\\\/07\\\/cropped-logo_eglisolles_mairie_transp_5.png\",\"contentUrl\":\"https:\\\/\\\/eglisolles.fr\\\/wp-content\\\/uploads\\\/2021\\\/07\\\/cropped-logo_eglisolles_mairie_transp_5.png\",\"width\":428,\"height\":100,\"caption\":\"Eglisolles\"},\"image\":{\"@id\":\"https:\\\/\\\/eglisolles.fr\\\/#\\\/schema\\\/logo\\\/image\\\/\"},\"sameAs\":[\"https:\\\/\\\/www.facebook.com\\\/municipalite.deglisolles.1\"]}]}<\/script>\n<!-- \/ Yoast SEO plugin. -->","yoast_head_json":{"title":"\u00c9coles - Eglisolles","robots":{"index":"index","follow":"follow","max-snippet":"max-snippet:-1","max-image-preview":"max-image-preview:large","max-video-preview":"max-video-preview:-1"},"canonical":"https:\/\/eglisolles.fr\/index.php\/ecole\/","og_locale":"fr_FR","og_type":"article","og_title":"\u00c9coles - Eglisolles","og_description":"L\u2019\u00e9cole maternelle fait partie du regroupement p\u00e9dagogique intercommunal RPI entre les trois communes: EglisollesViverolsSaillant Les classes sont r\u00e9parties sur ces communes en fonction de l&rsquo;\u00e2ge des enfants et des effectifs, c\u2019est \u00e0 Eglisolles que sont accueillis les petits (classes maternelles), l\u2019\u00e9cole est am\u00e9nag\u00e9e en ce sens (sanitaires adapt\u00e9s, dortoir, mobilier [&hellip;]","og_url":"https:\/\/eglisolles.fr\/index.php\/ecole\/","og_site_name":"Eglisolles","article_publisher":"https:\/\/www.facebook.com\/municipalite.deglisolles.1","article_modified_time":"2025-09-14T13:14:23+00:00","og_image":[{"url":"https:\/\/eglisolles.fr\/wp-content\/uploads\/2021\/07\/DSCN0684-Small.jpg","type":"","width":"","height":""}],"twitter_card":"summary_large_image","twitter_misc":{"Dur\u00e9e de lecture estim\u00e9e":"1 minute"},"schema":{"@context":"https:\/\/schema.org","@graph":[{"@type":"WebPage","@id":"https:\/\/eglisolles.fr\/index.php\/ecole\/","url":"https:\/\/eglisolles.fr\/index.php\/ecole\/","name":"\u00c9coles - Eglisolles","isPartOf":{"@id":"https:\/\/eglisolles.fr\/#website"},"primaryImageOfPage":{"@id":"https:\/\/eglisolles.fr\/index.php\/ecole\/#primaryimage"},"image":{"@id":"https:\/\/eglisolles.fr\/index.php\/ecole\/#primaryimage"},"thumbnailUrl":"https:\/\/eglisolles.fr\/wp-content\/uploads\/2021\/07\/DSCN0684-Small.jpg","datePublished":"2021-05-18T06:22:26+00:00","dateModified":"2025-09-14T13:14:23+00:00","breadcrumb":{"@id":"https:\/\/eglisolles.fr\/index.php\/ecole\/#breadcrumb"},"inLanguage":"fr-FR","potentialAction":[{"@type":"ReadAction","target":["https:\/\/eglisolles.fr\/index.php\/ecole\/"]}]},{"@type":"ImageObject","inLanguage":"fr-FR","@id":"https:\/\/eglisolles.fr\/index.php\/ecole\/#primaryimage","url":"https:\/\/eglisolles.fr\/wp-content\/uploads\/2021\/07\/DSCN0684-Small.jpg","contentUrl":"https:\/\/eglisolles.fr\/wp-content\/uploads\/2021\/07\/DSCN0684-Small.jpg","width":640,"height":480},{"@type":"BreadcrumbList","@id":"https:\/\/eglisolles.fr\/index.php\/ecole\/#breadcrumb","itemListElement":[{"@type":"ListItem","position":1,"name":"Accueil","item":"https:\/\/eglisolles.fr\/"},{"@type":"ListItem","position":2,"name":"\u00c9coles"}]},{"@type":"WebSite","@id":"https:\/\/eglisolles.fr\/#website","url":"https:\/\/eglisolles.fr\/","name":"Eglisolles","description":"Site de la Commune","publisher":{"@id":"https:\/\/eglisolles.fr\/#organization"},"potentialAction":[{"@type":"SearchAction","target":{"@type":"EntryPoint","urlTemplate":"https:\/\/eglisolles.fr\/?s={search_term_string}"},"query-input":{"@type":"PropertyValueSpecification","valueRequired":true,"valueName":"search_term_string"}}],"inLanguage":"fr-FR"},{"@type":"Organization","@id":"https:\/\/eglisolles.fr\/#organization","name":"Eglisolles","url":"https:\/\/eglisolles.fr\/","logo":{"@type":"ImageObject","inLanguage":"fr-FR","@id":"https:\/\/eglisolles.fr\/#\/schema\/logo\/image\/","url":"https:\/\/eglisolles.fr\/wp-content\/uploads\/2021\/07\/cropped-logo_eglisolles_mairie_transp_5.png","contentUrl":"https:\/\/eglisolles.fr\/wp-content\/uploads\/2021\/07\/cropped-logo_eglisolles_mairie_transp_5.png","width":428,"height":100,"caption":"Eglisolles"},"image":{"@id":"https:\/\/eglisolles.fr\/#\/schema\/logo\/image\/"},"sameAs":["https:\/\/www.facebook.com\/municipalite.deglisolles.1"]}]}},"_links":{"self":[{"href":"https:\/\/eglisolles.fr\/index.php\/wp-json\/wp\/v2\/pages\/1111","targetHints":{"allow":["GET"]}}],"collection":[{"href":"https:\/\/eglisolles.fr\/index.php\/wp-json\/wp\/v2\/pages"}],"about":[{"href":"https:\/\/eglisolles.fr\/index.php\/wp-json\/wp\/v2\/types\/page"}],"author":[{"embeddable":true,"href":"https:\/\/eglisolles.fr\/index.php\/wp-json\/wp\/v2\/users\/1"}],"replies":[{"embeddable":true,"href":"https:\/\/eglisolles.fr\/index.php\/wp-json\/wp\/v2\/comments?post=1111"}],"version-history":[{"count":11,"href":"https:\/\/eglisolles.fr\/index.php\/wp-json\/wp\/v2\/pages\/1111\/revisions"}],"predecessor-version":[{"id":3600,"href":"https:\/\/eglisolles.fr\/index.php\/wp-json\/wp\/v2\/pages\/1111\/revisions\/3600"}],"wp:attachment":[{"href":"https:\/\/eglisolles.fr\/index.php\/wp-json\/wp\/v2\/media?parent=1111"}],"curies":[{"name":"wp","href":"https:\/\/api.w.org\/{rel}","templated":true}]}}