{"id":1098,"date":"2021-05-18T08:10:24","date_gmt":"2021-05-18T06:10:24","guid":{"rendered":"https:\/\/wp-mairie.web-alain.com\/?page_id=1098"},"modified":"2022-08-17T16:22:13","modified_gmt":"2022-08-17T14:22:13","slug":"associations","status":"publish","type":"page","link":"https:\/\/eglisolles.fr\/index.php\/associations\/","title":{"rendered":"Associations"},"content":{"rendered":"\n<div class=\"wp-block-themeisle-blocks-advanced-columns has-1-columns has-desktop-equal-layout has-tablet-equal-layout has-mobile-equal-layout has-default-gap has-vertical-unset\" id=\"wp-block-themeisle-blocks-advanced-columns-31732c2b\"><div class=\"wp-block-themeisle-blocks-advanced-columns-overlay\"><\/div><div class=\"innerblocks-wrap\">\n<div class=\"wp-block-themeisle-blocks-advanced-column\" id=\"wp-block-themeisle-blocks-advanced-column-8164e972\">\n<p class=\"has-text-color\" style=\"color:#23b8f7\"><strong>Liste des associations:<\/strong><\/p>\n\n\n\n<ul class=\"wp-block-list\"><li><strong>Joyeux bougnats:<\/strong><br>Organisation des animations du village, f\u00eate, repas, soir\u00e9e, excursions<br><br>Pr\u00e9sident: <strong>Robert Bichelonne<\/strong> 06 70 44 80 99<br>Site web: <a href=\"https:\/\/joyeuxbougnats-eglisolles.fr\" target=\"_blank\" rel=\"noreferrer noopener\">https:\/\/joyeuxbougnats-eglisolles.fr<\/a><br> <\/li><\/ul>\n\n\n\n<hr class=\"wp-block-separator has-alpha-channel-opacity\"\/>\n\n\n\n<ul class=\"wp-block-list\"><li><strong>Boule Eglisolloise<\/strong><br>Pratique de la boule lyonnaise, sur deux terrains pr\u00e8s de l\u2019\u00c9glise.<br>Adh\u00e9rer \u00e0 l&rsquo;association pour pouvoir jouer sur les terrains.<br><br>Pr\u00e9sident: <strong>Jean-Philippe Rochette<\/strong>  04 73 95 92 74<br> <\/li><\/ul>\n\n\n\n<hr class=\"wp-block-separator has-alpha-channel-opacity\"\/>\n\n\n\n<ul class=\"wp-block-list\"><li><strong>Soci\u00e9t\u00e9 de chasse<\/strong><br><br>Pr\u00e9sident: <strong>Damien Chamoret<\/strong> 06 84 38 14 57<br><br> <\/li><\/ul>\n\n\n\n<hr class=\"wp-block-separator has-alpha-channel-opacity\"\/>\n\n\n\n<ul class=\"wp-block-list\"><li><strong>Club du 3 i\u00e8me Age<\/strong><br> <\/li><\/ul>\n\n\n\n<hr class=\"wp-block-separator has-alpha-channel-opacity\"\/>\n\n\n\n<ul class=\"wp-block-list\"><li><strong>Association \u00ab\u00a0Les marcheurs du jeudi\u00a0\u00bb<\/strong><br>Les jeudi \u00e0 14h , d\u00e9part Mairie d&rsquo;Eglisolles. Balade entre amis de 6 \u00e0 8 Km \u00e0 petite allure, c&rsquo;est une sortie conviviale avec un gouter \u00e0 l&rsquo;arriv\u00e9e.<br>Contacter Louis Guilliem 06 72 96 79 48<br> <\/li><\/ul>\n\n\n\n<hr class=\"wp-block-separator has-alpha-channel-opacity\"\/>\n\n\n\n<ul class=\"wp-block-list\"><li><strong>Chorale En Cad&rsquo;Ance<\/strong><br><img loading=\"lazy\" decoding=\"async\" width=\"400\" height=\"267\" class=\"wp-image-2420\" style=\"width: 400px;\" src=\"https:\/\/eglisolles.fr\/wp-content\/uploads\/2022\/08\/Chorale_800x600.jpg\" alt=\"\" srcset=\"https:\/\/eglisolles.fr\/wp-content\/uploads\/2022\/08\/Chorale_800x600.jpg 720w, https:\/\/eglisolles.fr\/wp-content\/uploads\/2022\/08\/Chorale_800x600-300x200.jpg 300w, https:\/\/eglisolles.fr\/wp-content\/uploads\/2022\/08\/Chorale_800x600-360x240.jpg 360w\" sizes=\"auto, (max-width: 400px) 100vw, 400px\" \/><\/li><\/ul>\n\n\n\n<p>Si vous avez envie de chanter en ch\u0153ur, rejoignez En Cad&rsquo;Ance , quel que soit votre \u00e2ge . Pas besoin de conna\u00eetre le solf\u00e8ge.<br>Nous chantons \u00e0 2,3 ou 4 voix, notre <strong>r\u00e9pertoire<\/strong> est tr\u00e8s vari\u00e9, du classique au gospel, de Brassens \u00e0 Pierre Perret ou Mich\u00e8le Bernard, et de la Renaissance au 21\u00b0 si\u00e8cle.<br>Nous donnons 3 ou 4 <strong>concerts<\/strong> par an, ou des rencontres inter-chorales&nbsp;<br><strong>R\u00e9p\u00e9titions<\/strong> chaque mardi de 20h \u00e0 22h ou 19h30 \u00e0 21h30, sauf vacances scolaires, \u00e0 la <strong>salle des f\u00eates d&rsquo; Eglisolles<\/strong><br>Plus de renseignements aupr\u00e8s des <strong>deux cheffes de choeur<\/strong>:<br>Marie-Paule Perrinel \u2013 Saint-Anth\u00e8me &#8211; 0473958653<br>Marie-H\u00e9l\u00e8ne Brizet \u2013 Viverols &#8211; 0645384060<br>et aupr\u00e8s de la <strong>responsable communication<\/strong>:<br>Marie-France Pabiou \u2013 Saint Anth\u00e8me &#8211; 0473958117<\/p>\n\n\n\n<p><\/p>\n\n\n\n<p><\/p>\n<\/div>\n<\/div><\/div>\n","protected":false},"excerpt":{"rendered":"","protected":false},"author":1,"featured_media":0,"parent":0,"menu_order":0,"comment_status":"closed","ping_status":"closed","template":"","meta":{"footnotes":""},"class_list":["post-1098","page","type-page","status-publish","hentry"],"yoast_head":"<!-- This site is optimized with the Yoast SEO plugin v27.4 - https:\/\/yoast.com\/product\/yoast-seo-wordpress\/ -->\n<title>Associations - Eglisolles<\/title>\n<meta name=\"robots\" content=\"index, follow, max-snippet:-1, max-image-preview:large, max-video-preview:-1\" \/>\n<link rel=\"canonical\" href=\"https:\/\/eglisolles.fr\/index.php\/associations\/\" \/>\n<meta property=\"og:locale\" content=\"fr_FR\" \/>\n<meta property=\"og:type\" content=\"article\" \/>\n<meta property=\"og:title\" content=\"Associations - Eglisolles\" \/>\n<meta property=\"og:url\" content=\"https:\/\/eglisolles.fr\/index.php\/associations\/\" \/>\n<meta property=\"og:site_name\" content=\"Eglisolles\" \/>\n<meta property=\"article:publisher\" content=\"https:\/\/www.facebook.com\/municipalite.deglisolles.1\" \/>\n<meta property=\"article:modified_time\" content=\"2022-08-17T14:22:13+00:00\" \/>\n<meta property=\"og:image\" content=\"https:\/\/eglisolles.fr\/wp-content\/uploads\/2022\/08\/Chorale_800x600.jpg\" \/>\n<meta name=\"twitter:card\" content=\"summary_large_image\" \/>\n<meta name=\"twitter:label1\" content=\"Dur\u00e9e de lecture estim\u00e9e\" \/>\n\t<meta name=\"twitter:data1\" content=\"1 minute\" \/>\n<script type=\"application\/ld+json\" class=\"yoast-schema-graph\">{\"@context\":\"https:\\\/\\\/schema.org\",\"@graph\":[{\"@type\":\"WebPage\",\"@id\":\"https:\\\/\\\/eglisolles.fr\\\/index.php\\\/associations\\\/\",\"url\":\"https:\\\/\\\/eglisolles.fr\\\/index.php\\\/associations\\\/\",\"name\":\"Associations - Eglisolles\",\"isPartOf\":{\"@id\":\"https:\\\/\\\/eglisolles.fr\\\/#website\"},\"primaryImageOfPage\":{\"@id\":\"https:\\\/\\\/eglisolles.fr\\\/index.php\\\/associations\\\/#primaryimage\"},\"image\":{\"@id\":\"https:\\\/\\\/eglisolles.fr\\\/index.php\\\/associations\\\/#primaryimage\"},\"thumbnailUrl\":\"https:\\\/\\\/eglisolles.fr\\\/wp-content\\\/uploads\\\/2022\\\/08\\\/Chorale_800x600.jpg\",\"datePublished\":\"2021-05-18T06:10:24+00:00\",\"dateModified\":\"2022-08-17T14:22:13+00:00\",\"breadcrumb\":{\"@id\":\"https:\\\/\\\/eglisolles.fr\\\/index.php\\\/associations\\\/#breadcrumb\"},\"inLanguage\":\"fr-FR\",\"potentialAction\":[{\"@type\":\"ReadAction\",\"target\":[\"https:\\\/\\\/eglisolles.fr\\\/index.php\\\/associations\\\/\"]}]},{\"@type\":\"ImageObject\",\"inLanguage\":\"fr-FR\",\"@id\":\"https:\\\/\\\/eglisolles.fr\\\/index.php\\\/associations\\\/#primaryimage\",\"url\":\"https:\\\/\\\/eglisolles.fr\\\/wp-content\\\/uploads\\\/2022\\\/08\\\/Chorale_800x600.jpg\",\"contentUrl\":\"https:\\\/\\\/eglisolles.fr\\\/wp-content\\\/uploads\\\/2022\\\/08\\\/Chorale_800x600.jpg\",\"width\":720,\"height\":480},{\"@type\":\"BreadcrumbList\",\"@id\":\"https:\\\/\\\/eglisolles.fr\\\/index.php\\\/associations\\\/#breadcrumb\",\"itemListElement\":[{\"@type\":\"ListItem\",\"position\":1,\"name\":\"Accueil\",\"item\":\"https:\\\/\\\/eglisolles.fr\\\/\"},{\"@type\":\"ListItem\",\"position\":2,\"name\":\"Associations\"}]},{\"@type\":\"WebSite\",\"@id\":\"https:\\\/\\\/eglisolles.fr\\\/#website\",\"url\":\"https:\\\/\\\/eglisolles.fr\\\/\",\"name\":\"Eglisolles\",\"description\":\"Site de la Commune\",\"publisher\":{\"@id\":\"https:\\\/\\\/eglisolles.fr\\\/#organization\"},\"potentialAction\":[{\"@type\":\"SearchAction\",\"target\":{\"@type\":\"EntryPoint\",\"urlTemplate\":\"https:\\\/\\\/eglisolles.fr\\\/?s={search_term_string}\"},\"query-input\":{\"@type\":\"PropertyValueSpecification\",\"valueRequired\":true,\"valueName\":\"search_term_string\"}}],\"inLanguage\":\"fr-FR\"},{\"@type\":\"Organization\",\"@id\":\"https:\\\/\\\/eglisolles.fr\\\/#organization\",\"name\":\"Eglisolles\",\"url\":\"https:\\\/\\\/eglisolles.fr\\\/\",\"logo\":{\"@type\":\"ImageObject\",\"inLanguage\":\"fr-FR\",\"@id\":\"https:\\\/\\\/eglisolles.fr\\\/#\\\/schema\\\/logo\\\/image\\\/\",\"url\":\"https:\\\/\\\/eglisolles.fr\\\/wp-content\\\/uploads\\\/2021\\\/07\\\/cropped-logo_eglisolles_mairie_transp_5.png\",\"contentUrl\":\"https:\\\/\\\/eglisolles.fr\\\/wp-content\\\/uploads\\\/2021\\\/07\\\/cropped-logo_eglisolles_mairie_transp_5.png\",\"width\":428,\"height\":100,\"caption\":\"Eglisolles\"},\"image\":{\"@id\":\"https:\\\/\\\/eglisolles.fr\\\/#\\\/schema\\\/logo\\\/image\\\/\"},\"sameAs\":[\"https:\\\/\\\/www.facebook.com\\\/municipalite.deglisolles.1\"]}]}<\/script>\n<!-- \/ Yoast SEO plugin. -->","yoast_head_json":{"title":"Associations - Eglisolles","robots":{"index":"index","follow":"follow","max-snippet":"max-snippet:-1","max-image-preview":"max-image-preview:large","max-video-preview":"max-video-preview:-1"},"canonical":"https:\/\/eglisolles.fr\/index.php\/associations\/","og_locale":"fr_FR","og_type":"article","og_title":"Associations - Eglisolles","og_url":"https:\/\/eglisolles.fr\/index.php\/associations\/","og_site_name":"Eglisolles","article_publisher":"https:\/\/www.facebook.com\/municipalite.deglisolles.1","article_modified_time":"2022-08-17T14:22:13+00:00","og_image":[{"url":"https:\/\/eglisolles.fr\/wp-content\/uploads\/2022\/08\/Chorale_800x600.jpg","type":"","width":"","height":""}],"twitter_card":"summary_large_image","twitter_misc":{"Dur\u00e9e de lecture estim\u00e9e":"1 minute"},"schema":{"@context":"https:\/\/schema.org","@graph":[{"@type":"WebPage","@id":"https:\/\/eglisolles.fr\/index.php\/associations\/","url":"https:\/\/eglisolles.fr\/index.php\/associations\/","name":"Associations - Eglisolles","isPartOf":{"@id":"https:\/\/eglisolles.fr\/#website"},"primaryImageOfPage":{"@id":"https:\/\/eglisolles.fr\/index.php\/associations\/#primaryimage"},"image":{"@id":"https:\/\/eglisolles.fr\/index.php\/associations\/#primaryimage"},"thumbnailUrl":"https:\/\/eglisolles.fr\/wp-content\/uploads\/2022\/08\/Chorale_800x600.jpg","datePublished":"2021-05-18T06:10:24+00:00","dateModified":"2022-08-17T14:22:13+00:00","breadcrumb":{"@id":"https:\/\/eglisolles.fr\/index.php\/associations\/#breadcrumb"},"inLanguage":"fr-FR","potentialAction":[{"@type":"ReadAction","target":["https:\/\/eglisolles.fr\/index.php\/associations\/"]}]},{"@type":"ImageObject","inLanguage":"fr-FR","@id":"https:\/\/eglisolles.fr\/index.php\/associations\/#primaryimage","url":"https:\/\/eglisolles.fr\/wp-content\/uploads\/2022\/08\/Chorale_800x600.jpg","contentUrl":"https:\/\/eglisolles.fr\/wp-content\/uploads\/2022\/08\/Chorale_800x600.jpg","width":720,"height":480},{"@type":"BreadcrumbList","@id":"https:\/\/eglisolles.fr\/index.php\/associations\/#breadcrumb","itemListElement":[{"@type":"ListItem","position":1,"name":"Accueil","item":"https:\/\/eglisolles.fr\/"},{"@type":"ListItem","position":2,"name":"Associations"}]},{"@type":"WebSite","@id":"https:\/\/eglisolles.fr\/#website","url":"https:\/\/eglisolles.fr\/","name":"Eglisolles","description":"Site de la Commune","publisher":{"@id":"https:\/\/eglisolles.fr\/#organization"},"potentialAction":[{"@type":"SearchAction","target":{"@type":"EntryPoint","urlTemplate":"https:\/\/eglisolles.fr\/?s={search_term_string}"},"query-input":{"@type":"PropertyValueSpecification","valueRequired":true,"valueName":"search_term_string"}}],"inLanguage":"fr-FR"},{"@type":"Organization","@id":"https:\/\/eglisolles.fr\/#organization","name":"Eglisolles","url":"https:\/\/eglisolles.fr\/","logo":{"@type":"ImageObject","inLanguage":"fr-FR","@id":"https:\/\/eglisolles.fr\/#\/schema\/logo\/image\/","url":"https:\/\/eglisolles.fr\/wp-content\/uploads\/2021\/07\/cropped-logo_eglisolles_mairie_transp_5.png","contentUrl":"https:\/\/eglisolles.fr\/wp-content\/uploads\/2021\/07\/cropped-logo_eglisolles_mairie_transp_5.png","width":428,"height":100,"caption":"Eglisolles"},"image":{"@id":"https:\/\/eglisolles.fr\/#\/schema\/logo\/image\/"},"sameAs":["https:\/\/www.facebook.com\/municipalite.deglisolles.1"]}]}},"_links":{"self":[{"href":"https:\/\/eglisolles.fr\/index.php\/wp-json\/wp\/v2\/pages\/1098","targetHints":{"allow":["GET"]}}],"collection":[{"href":"https:\/\/eglisolles.fr\/index.php\/wp-json\/wp\/v2\/pages"}],"about":[{"href":"https:\/\/eglisolles.fr\/index.php\/wp-json\/wp\/v2\/types\/page"}],"author":[{"embeddable":true,"href":"https:\/\/eglisolles.fr\/index.php\/wp-json\/wp\/v2\/users\/1"}],"replies":[{"embeddable":true,"href":"https:\/\/eglisolles.fr\/index.php\/wp-json\/wp\/v2\/comments?post=1098"}],"version-history":[{"count":10,"href":"https:\/\/eglisolles.fr\/index.php\/wp-json\/wp\/v2\/pages\/1098\/revisions"}],"predecessor-version":[{"id":2457,"href":"https:\/\/eglisolles.fr\/index.php\/wp-json\/wp\/v2\/pages\/1098\/revisions\/2457"}],"wp:attachment":[{"href":"https:\/\/eglisolles.fr\/index.php\/wp-json\/wp\/v2\/media?parent=1098"}],"curies":[{"name":"wp","href":"https:\/\/api.w.org\/{rel}","templated":true}]}}